 {"id":1168,"date":"2021-12-13T18:24:01","date_gmt":"2021-12-13T15:24:01","guid":{"rendered":"http:\/\/x-lite.com.tr\/?page_id=1168"},"modified":"2021-12-13T18:26:28","modified_gmt":"2021-12-13T15:26:28","slug":"large-lighters","status":"publish","type":"page","link":"https:\/\/x-lite.com.tr\/en\/large-lighters\/","title":{"rendered":"Large"},"content":{"rendered":"<div data-elementor-type=\"wp-page\" data-elementor-id=\"1168\" class=\"elementor elementor-1168\" data-elementor-post-type=\"page\">\n\t\t\t\t\t\t<section class=\"elementor-section elementor-top-section elementor-element elementor-element-2cc1e2e4 elementor-section-content-middle elementor-section-boxed elementor-section-height-default elementor-section-height-default\" data-id=\"2cc1e2e4\" data-element_type=\"section\" data-settings=\"{&quot;background_background&quot;:&quot;classic&quot;}\">\n\t\t\t\t\t\t<div class=\"elementor-container elementor-column-gap-no\">\n\t\t\t\t\t<div class=\"elementor-column elementor-col-100 elementor-top-column elementor-element elementor-element-4efa912c\" data-id=\"4efa912c\" data-element_type=\"column\">\n\t\t\t<div class=\"elementor-widget-wrap elementor-element-populated\">\n\t\t\t\t\t\t<div class=\"elementor-element elementor-element-c4481ff elementor-widget elementor-widget-heading\" data-id=\"c4481ff\" data-element_type=\"widget\" data-widget_type=\"heading.default\">\n\t\t\t\t<div class=\"elementor-widget-container\">\n\t\t\t\t\t<h4 class=\"elementor-heading-title elementor-size-default\">LARGE<\/h4>\t\t\t\t<\/div>\n\t\t\t\t<\/div>\n\t\t\t\t<div class=\"elementor-element elementor-element-2586f29f elementor-position-top elementor-widget elementor-widget-image-box\" data-id=\"2586f29f\" data-element_type=\"widget\" data-widget_type=\"image-box.default\">\n\t\t\t\t<div class=\"elementor-widget-container\">\n\t\t\t\t\t<div class=\"elementor-image-box-wrapper\"><figure class=\"elementor-image-box-img\"><img fetchpriority=\"high\" decoding=\"async\" width=\"501\" height=\"270\" src=\"https:\/\/x-lite.com.tr\/wp-content\/uploads\/2021\/12\/x-lite-cakmak-large-flamingo.png\" class=\"attachment-full size-full wp-image-1170\" alt=\"\" srcset=\"https:\/\/x-lite.com.tr\/wp-content\/uploads\/2021\/12\/x-lite-cakmak-large-flamingo.png 501w, https:\/\/x-lite.com.tr\/wp-content\/uploads\/2021\/12\/x-lite-cakmak-large-flamingo-300x162.png 300w, https:\/\/x-lite.com.tr\/wp-content\/uploads\/2021\/12\/x-lite-cakmak-large-flamingo-18x10.png 18w\" sizes=\"(max-width: 501px) 100vw, 501px\" \/><\/figure><div class=\"elementor-image-box-content\"><h3 class=\"elementor-image-box-title\">Flamingo<\/h3><\/div><\/div>\t\t\t\t<\/div>\n\t\t\t\t<\/div>\n\t\t\t\t<section class=\"elementor-section elementor-inner-section elementor-element elementor-element-56dcc11a elementor-section-content-middle elementor-section-boxed elementor-section-height-default elementor-section-height-default\" data-id=\"56dcc11a\" data-element_type=\"section\">\n\t\t\t\t\t\t<div class=\"elementor-container elementor-column-gap-no\">\n\t\t\t\t\t<div class=\"elementor-column elementor-col-50 elementor-inner-column elementor-element elementor-element-1ff4cbe5\" data-id=\"1ff4cbe5\" data-element_type=\"column\">\n\t\t\t<div class=\"elementor-widget-wrap elementor-element-populated\">\n\t\t\t\t\t\t<div class=\"elementor-element elementor-element-136879ca elementor-position-top elementor-widget elementor-widget-image-box\" data-id=\"136879ca\" data-element_type=\"widget\" data-widget_type=\"image-box.default\">\n\t\t\t\t<div class=\"elementor-widget-container\">\n\t\t\t\t\t<div class=\"elementor-image-box-wrapper\"><figure class=\"elementor-image-box-img\"><img decoding=\"async\" width=\"634\" height=\"394\" src=\"https:\/\/x-lite.com.tr\/wp-content\/uploads\/2021\/12\/x-lite-large-metal-cakmak-1.png\" class=\"attachment-full size-full wp-image-1176\" alt=\"\" srcset=\"https:\/\/x-lite.com.tr\/wp-content\/uploads\/2021\/12\/x-lite-large-metal-cakmak-1.png 634w, https:\/\/x-lite.com.tr\/wp-content\/uploads\/2021\/12\/x-lite-large-metal-cakmak-1-300x186.png 300w, https:\/\/x-lite.com.tr\/wp-content\/uploads\/2021\/12\/x-lite-large-metal-cakmak-1-18x12.png 18w\" sizes=\"(max-width: 634px) 100vw, 634px\" \/><\/figure><div class=\"elementor-image-box-content\"><h3 class=\"elementor-image-box-title\">Metallic<\/h3><\/div><\/div>\t\t\t\t<\/div>\n\t\t\t\t<\/div>\n\t\t\t\t<div class=\"elementor-element elementor-element-31f914bc elementor-position-top elementor-widget elementor-widget-image-box\" data-id=\"31f914bc\" data-element_type=\"widget\" data-widget_type=\"image-box.default\">\n\t\t\t\t<div class=\"elementor-widget-container\">\n\t\t\t\t\t<div class=\"elementor-image-box-wrapper\"><figure class=\"elementor-image-box-img\"><img decoding=\"async\" width=\"561\" height=\"251\" src=\"https:\/\/x-lite.com.tr\/wp-content\/uploads\/2021\/12\/x-lite-cakmak-ifadeler.png\" class=\"attachment-full size-full wp-image-1171\" alt=\"\" srcset=\"https:\/\/x-lite.com.tr\/wp-content\/uploads\/2021\/12\/x-lite-cakmak-ifadeler.png 561w, https:\/\/x-lite.com.tr\/wp-content\/uploads\/2021\/12\/x-lite-cakmak-ifadeler-300x134.png 300w, https:\/\/x-lite.com.tr\/wp-content\/uploads\/2021\/12\/x-lite-cakmak-ifadeler-18x8.png 18w\" sizes=\"(max-width: 561px) 100vw, 561px\" \/><\/figure><div class=\"elementor-image-box-content\"><h3 class=\"elementor-image-box-title\">Expressions<\/h3><\/div><\/div>\t\t\t\t<\/div>\n\t\t\t\t<\/div>\n\t\t\t\t\t<\/div>\n\t\t<\/div>\n\t\t\t\t<div class=\"elementor-column elementor-col-50 elementor-inner-column elementor-element elementor-element-42d81fb2\" data-id=\"42d81fb2\" data-element_type=\"column\">\n\t\t\t<div class=\"elementor-widget-wrap elementor-element-populated\">\n\t\t\t\t\t\t<div class=\"elementor-element elementor-element-59064f54 elementor-position-top elementor-widget elementor-widget-image-box\" data-id=\"59064f54\" data-element_type=\"widget\" data-widget_type=\"image-box.default\">\n\t\t\t\t<div class=\"elementor-widget-container\">\n\t\t\t\t\t<div class=\"elementor-image-box-wrapper\"><figure class=\"elementor-image-box-img\"><img loading=\"lazy\" decoding=\"async\" width=\"623\" height=\"401\" src=\"https:\/\/x-lite.com.tr\/wp-content\/uploads\/2021\/12\/x-lite-large-soft.png\" class=\"attachment-full size-full wp-image-1172\" alt=\"\" srcset=\"https:\/\/x-lite.com.tr\/wp-content\/uploads\/2021\/12\/x-lite-large-soft.png 623w, https:\/\/x-lite.com.tr\/wp-content\/uploads\/2021\/12\/x-lite-large-soft-300x193.png 300w, https:\/\/x-lite.com.tr\/wp-content\/uploads\/2021\/12\/x-lite-large-soft-18x12.png 18w\" sizes=\"(max-width: 623px) 100vw, 623px\" \/><\/figure><div class=\"elementor-image-box-content\"><h3 class=\"elementor-image-box-title\">Soft<\/h3><\/div><\/div>\t\t\t\t<\/div>\n\t\t\t\t<\/div>\n\t\t\t\t<div class=\"elementor-element elementor-element-62988afe elementor-position-top elementor-widget elementor-widget-image-box\" data-id=\"62988afe\" data-element_type=\"widget\" data-widget_type=\"image-box.default\">\n\t\t\t\t<div class=\"elementor-widget-container\">\n\t\t\t\t\t<div class=\"elementor-image-box-wrapper\"><figure class=\"elementor-image-box-img\"><img loading=\"lazy\" decoding=\"async\" width=\"541\" height=\"251\" src=\"https:\/\/x-lite.com.tr\/wp-content\/uploads\/2021\/12\/x-lite-cakmak-donut-large.png\" class=\"attachment-full size-full wp-image-1173\" alt=\"\" srcset=\"https:\/\/x-lite.com.tr\/wp-content\/uploads\/2021\/12\/x-lite-cakmak-donut-large.png 541w, https:\/\/x-lite.com.tr\/wp-content\/uploads\/2021\/12\/x-lite-cakmak-donut-large-300x139.png 300w, https:\/\/x-lite.com.tr\/wp-content\/uploads\/2021\/12\/x-lite-cakmak-donut-large-18x8.png 18w\" sizes=\"(max-width: 541px) 100vw, 541px\" \/><\/figure><div class=\"elementor-image-box-content\"><h3 class=\"elementor-image-box-title\">Donuts<\/h3><\/div><\/div>\t\t\t\t<\/div>\n\t\t\t\t<\/div>\n\t\t\t\t\t<\/div>\n\t\t<\/div>\n\t\t\t\t\t<\/div>\n\t\t<\/section>\n\t\t\t\t\t<\/div>\n\t\t<\/div>\n\t\t\t\t\t<\/div>\n\t\t<\/section>\n\t\t\t\t<\/div>","protected":false},"excerpt":{"rendered":"<p>LARGE Flamingo Metallic Expressions Soft Donuts<\/p>","protected":false},"author":1,"featured_media":0,"parent":0,"menu_order":0,"comment_status":"closed","ping_status":"closed","template":"","meta":{"_monsterinsights_skip_tracking":false,"_monsterinsights_sitenote_active":false,"_monsterinsights_sitenote_note":"","_monsterinsights_sitenote_category":0,"footnotes":""},"class_list":["post-1168","page","type-page","status-publish","hentry"],"yoast_head":"<!-- This site is optimized with the Yoast SEO plugin v25.8 - https:\/\/yoast.com\/wordpress\/plugins\/seo\/ -->\n<title>Large - X-Lite \u00c7akmak<\/title>\n<meta name=\"robots\" content=\"index, follow, max-snippet:-1, max-image-preview:large, max-video-preview:-1\" \/>\n<link rel=\"canonical\" href=\"https:\/\/x-lite.com.tr\/en\/large-lighters\/\" \/>\n<meta property=\"og:locale\" content=\"en_GB\" \/>\n<meta property=\"og:type\" content=\"article\" \/>\n<meta property=\"og:title\" content=\"Large - X-Lite \u00c7akmak\" \/>\n<meta property=\"og:description\" content=\"LARGE Flamingo Metallic Expressions Soft Donuts\" \/>\n<meta property=\"og:url\" content=\"https:\/\/x-lite.com.tr\/en\/large-lighters\/\" \/>\n<meta property=\"og:site_name\" content=\"X-Lite \u00c7akmak\" \/>\n<meta property=\"article:modified_time\" content=\"2021-12-13T15:26:28+00:00\" \/>\n<meta property=\"og:image\" content=\"http:\/\/x-lite.com.tr\/wp-content\/uploads\/2021\/12\/x-lite-cakmak-large-flamingo.png\" \/>\n<meta name=\"twitter:card\" content=\"summary_large_image\" \/>\n<script type=\"application\/ld+json\" class=\"yoast-schema-graph\">{\"@context\":\"https:\/\/schema.org\",\"@graph\":[{\"@type\":\"WebPage\",\"@id\":\"https:\/\/x-lite.com.tr\/en\/large-lighters\/\",\"url\":\"https:\/\/x-lite.com.tr\/en\/large-lighters\/\",\"name\":\"Large - X-Lite \u00c7akmak\",\"isPartOf\":{\"@id\":\"https:\/\/x-lite.com.tr\/#website\"},\"primaryImageOfPage\":{\"@id\":\"https:\/\/x-lite.com.tr\/en\/large-lighters\/#primaryimage\"},\"image\":{\"@id\":\"https:\/\/x-lite.com.tr\/en\/large-lighters\/#primaryimage\"},\"thumbnailUrl\":\"http:\/\/x-lite.com.tr\/wp-content\/uploads\/2021\/12\/x-lite-cakmak-large-flamingo.png\",\"datePublished\":\"2021-12-13T15:24:01+00:00\",\"dateModified\":\"2021-12-13T15:26:28+00:00\",\"breadcrumb\":{\"@id\":\"https:\/\/x-lite.com.tr\/en\/large-lighters\/#breadcrumb\"},\"inLanguage\":\"en-GB\",\"potentialAction\":[{\"@type\":\"ReadAction\",\"target\":[\"https:\/\/x-lite.com.tr\/en\/large-lighters\/\"]}]},{\"@type\":\"ImageObject\",\"inLanguage\":\"en-GB\",\"@id\":\"https:\/\/x-lite.com.tr\/en\/large-lighters\/#primaryimage\",\"url\":\"http:\/\/x-lite.com.tr\/wp-content\/uploads\/2021\/12\/x-lite-cakmak-large-flamingo.png\",\"contentUrl\":\"http:\/\/x-lite.com.tr\/wp-content\/uploads\/2021\/12\/x-lite-cakmak-large-flamingo.png\"},{\"@type\":\"BreadcrumbList\",\"@id\":\"https:\/\/x-lite.com.tr\/en\/large-lighters\/#breadcrumb\",\"itemListElement\":[{\"@type\":\"ListItem\",\"position\":1,\"name\":\"Anasayfa\",\"item\":\"https:\/\/x-lite.com.tr\/\"},{\"@type\":\"ListItem\",\"position\":2,\"name\":\"Large\"}]},{\"@type\":\"WebSite\",\"@id\":\"https:\/\/x-lite.com.tr\/#website\",\"url\":\"https:\/\/x-lite.com.tr\/\",\"name\":\"X-Lite \u00c7akmak\",\"description\":\"T\u00fcrkiye&#039;nin En G\u00fcvenilir \u00c7akmak \u00dcreticisi\",\"publisher\":{\"@id\":\"https:\/\/x-lite.com.tr\/#organization\"},\"potentialAction\":[{\"@type\":\"SearchAction\",\"target\":{\"@type\":\"EntryPoint\",\"urlTemplate\":\"https:\/\/x-lite.com.tr\/?s={search_term_string}\"},\"query-input\":{\"@type\":\"PropertyValueSpecification\",\"valueRequired\":true,\"valueName\":\"search_term_string\"}}],\"inLanguage\":\"en-GB\"},{\"@type\":\"Organization\",\"@id\":\"https:\/\/x-lite.com.tr\/#organization\",\"name\":\"X-Lite Lighters\",\"url\":\"https:\/\/x-lite.com.tr\/\",\"logo\":{\"@type\":\"ImageObject\",\"inLanguage\":\"en-GB\",\"@id\":\"https:\/\/x-lite.com.tr\/#\/schema\/logo\/image\/\",\"url\":\"https:\/\/x-lite.com.tr\/wp-content\/uploads\/2021\/09\/x-lite-logo.png\",\"contentUrl\":\"https:\/\/x-lite.com.tr\/wp-content\/uploads\/2021\/09\/x-lite-logo.png\",\"width\":383,\"height\":216,\"caption\":\"X-Lite Lighters\"},\"image\":{\"@id\":\"https:\/\/x-lite.com.tr\/#\/schema\/logo\/image\/\"},\"sameAs\":[\"https:\/\/www.instagram.com\/_x.lite_\/\"]}]}<\/script>\n<!-- \/ Yoast SEO plugin. -->","yoast_head_json":{"title":"Large - X-Lite \u00c7akmak","robots":{"index":"index","follow":"follow","max-snippet":"max-snippet:-1","max-image-preview":"max-image-preview:large","max-video-preview":"max-video-preview:-1"},"canonical":"https:\/\/x-lite.com.tr\/en\/large-lighters\/","og_locale":"en_GB","og_type":"article","og_title":"Large - X-Lite \u00c7akmak","og_description":"LARGE Flamingo Metallic Expressions Soft Donuts","og_url":"https:\/\/x-lite.com.tr\/en\/large-lighters\/","og_site_name":"X-Lite \u00c7akmak","article_modified_time":"2021-12-13T15:26:28+00:00","og_image":[{"url":"http:\/\/x-lite.com.tr\/wp-content\/uploads\/2021\/12\/x-lite-cakmak-large-flamingo.png","type":"","width":"","height":""}],"twitter_card":"summary_large_image","schema":{"@context":"https:\/\/schema.org","@graph":[{"@type":"WebPage","@id":"https:\/\/x-lite.com.tr\/en\/large-lighters\/","url":"https:\/\/x-lite.com.tr\/en\/large-lighters\/","name":"Large - X-Lite \u00c7akmak","isPartOf":{"@id":"https:\/\/x-lite.com.tr\/#website"},"primaryImageOfPage":{"@id":"https:\/\/x-lite.com.tr\/en\/large-lighters\/#primaryimage"},"image":{"@id":"https:\/\/x-lite.com.tr\/en\/large-lighters\/#primaryimage"},"thumbnailUrl":"http:\/\/x-lite.com.tr\/wp-content\/uploads\/2021\/12\/x-lite-cakmak-large-flamingo.png","datePublished":"2021-12-13T15:24:01+00:00","dateModified":"2021-12-13T15:26:28+00:00","breadcrumb":{"@id":"https:\/\/x-lite.com.tr\/en\/large-lighters\/#breadcrumb"},"inLanguage":"en-GB","potentialAction":[{"@type":"ReadAction","target":["https:\/\/x-lite.com.tr\/en\/large-lighters\/"]}]},{"@type":"ImageObject","inLanguage":"en-GB","@id":"https:\/\/x-lite.com.tr\/en\/large-lighters\/#primaryimage","url":"http:\/\/x-lite.com.tr\/wp-content\/uploads\/2021\/12\/x-lite-cakmak-large-flamingo.png","contentUrl":"http:\/\/x-lite.com.tr\/wp-content\/uploads\/2021\/12\/x-lite-cakmak-large-flamingo.png"},{"@type":"BreadcrumbList","@id":"https:\/\/x-lite.com.tr\/en\/large-lighters\/#breadcrumb","itemListElement":[{"@type":"ListItem","position":1,"name":"Anasayfa","item":"https:\/\/x-lite.com.tr\/"},{"@type":"ListItem","position":2,"name":"Large"}]},{"@type":"WebSite","@id":"https:\/\/x-lite.com.tr\/#website","url":"https:\/\/x-lite.com.tr\/","name":"X-Lite \u00c7akmak","description":"T\u00fcrkiye&#039;nin En G\u00fcvenilir \u00c7akmak \u00dcreticisi","publisher":{"@id":"https:\/\/x-lite.com.tr\/#organization"},"potentialAction":[{"@type":"SearchAction","target":{"@type":"EntryPoint","urlTemplate":"https:\/\/x-lite.com.tr\/?s={search_term_string}"},"query-input":{"@type":"PropertyValueSpecification","valueRequired":true,"valueName":"search_term_string"}}],"inLanguage":"en-GB"},{"@type":"Organization","@id":"https:\/\/x-lite.com.tr\/#organization","name":"X-Lite Lighters","url":"https:\/\/x-lite.com.tr\/","logo":{"@type":"ImageObject","inLanguage":"en-GB","@id":"https:\/\/x-lite.com.tr\/#\/schema\/logo\/image\/","url":"https:\/\/x-lite.com.tr\/wp-content\/uploads\/2021\/09\/x-lite-logo.png","contentUrl":"https:\/\/x-lite.com.tr\/wp-content\/uploads\/2021\/09\/x-lite-logo.png","width":383,"height":216,"caption":"X-Lite Lighters"},"image":{"@id":"https:\/\/x-lite.com.tr\/#\/schema\/logo\/image\/"},"sameAs":["https:\/\/www.instagram.com\/_x.lite_\/"]}]}},"_links":{"self":[{"href":"https:\/\/x-lite.com.tr\/en\/wp-json\/wp\/v2\/pages\/1168","targetHints":{"allow":["GET"]}}],"collection":[{"href":"https:\/\/x-lite.com.tr\/en\/wp-json\/wp\/v2\/pages"}],"about":[{"href":"https:\/\/x-lite.com.tr\/en\/wp-json\/wp\/v2\/types\/page"}],"author":[{"embeddable":true,"href":"https:\/\/x-lite.com.tr\/en\/wp-json\/wp\/v2\/users\/1"}],"replies":[{"embeddable":true,"href":"https:\/\/x-lite.com.tr\/en\/wp-json\/wp\/v2\/comments?post=1168"}],"version-history":[{"count":0,"href":"https:\/\/x-lite.com.tr\/en\/wp-json\/wp\/v2\/pages\/1168\/revisions"}],"wp:attachment":[{"href":"https:\/\/x-lite.com.tr\/en\/wp-json\/wp\/v2\/media?parent=1168"}],"curies":[{"name":"wp","href":"https:\/\/api.w.org\/{rel}","templated":true}]}}