 {"id":1187,"date":"2021-12-13T18:28:08","date_gmt":"2021-12-13T15:28:08","guid":{"rendered":"http:\/\/x-lite.com.tr\/?page_id=1187"},"modified":"2021-12-13T18:33:50","modified_gmt":"2021-12-13T15:33:50","slug":"turbo-lighters","status":"publish","type":"page","link":"https:\/\/x-lite.com.tr\/en\/turbo-lighters\/","title":{"rendered":"Turbo Lighters"},"content":{"rendered":"<div data-elementor-type=\"wp-page\" data-elementor-id=\"1187\" class=\"elementor elementor-1187\" data-elementor-post-type=\"page\">\n\t\t\t\t\t\t<section class=\"elementor-section elementor-top-section elementor-element elementor-element-1aa9b1dd elementor-section-content-middle elementor-section-boxed elementor-section-height-default elementor-section-height-default\" data-id=\"1aa9b1dd\" data-element_type=\"section\" data-settings=\"{&quot;background_background&quot;:&quot;classic&quot;}\">\n\t\t\t\t\t\t<div class=\"elementor-container elementor-column-gap-no\">\n\t\t\t\t\t<div class=\"elementor-column elementor-col-100 elementor-top-column elementor-element elementor-element-efe3e37\" data-id=\"efe3e37\" data-element_type=\"column\">\n\t\t\t<div class=\"elementor-widget-wrap elementor-element-populated\">\n\t\t\t\t\t\t<div class=\"elementor-element elementor-element-68a9fc23 elementor-widget elementor-widget-heading\" data-id=\"68a9fc23\" data-element_type=\"widget\" data-widget_type=\"heading.default\">\n\t\t\t\t<div class=\"elementor-widget-container\">\n\t\t\t\t\t<h4 class=\"elementor-heading-title elementor-size-default\">TURBO<\/h4>\t\t\t\t<\/div>\n\t\t\t\t<\/div>\n\t\t\t\t<section class=\"elementor-section elementor-inner-section elementor-element elementor-element-10b3a563 elementor-section-content-middle elementor-section-boxed elementor-section-height-default elementor-section-height-default\" data-id=\"10b3a563\" data-element_type=\"section\">\n\t\t\t\t\t\t<div class=\"elementor-container elementor-column-gap-no\">\n\t\t\t\t\t<div class=\"elementor-column elementor-col-50 elementor-inner-column elementor-element elementor-element-e58fc88\" data-id=\"e58fc88\" data-element_type=\"column\">\n\t\t\t<div class=\"elementor-widget-wrap elementor-element-populated\">\n\t\t\t\t\t\t<div class=\"elementor-element elementor-element-40f22bf5 elementor-position-top elementor-widget elementor-widget-image-box\" data-id=\"40f22bf5\" data-element_type=\"widget\" data-widget_type=\"image-box.default\">\n\t\t\t\t<div class=\"elementor-widget-container\">\n\t\t\t\t\t<div class=\"elementor-image-box-wrapper\"><figure class=\"elementor-image-box-img\"><img fetchpriority=\"high\" decoding=\"async\" width=\"541\" height=\"251\" src=\"https:\/\/x-lite.com.tr\/wp-content\/uploads\/2021\/12\/x-lite-turbo-lighters-soft-black-wind-proof.png\" class=\"attachment-full size-full wp-image-1201\" alt=\"\" srcset=\"https:\/\/x-lite.com.tr\/wp-content\/uploads\/2021\/12\/x-lite-turbo-lighters-soft-black-wind-proof.png 541w, https:\/\/x-lite.com.tr\/wp-content\/uploads\/2021\/12\/x-lite-turbo-lighters-soft-black-wind-proof-300x139.png 300w, https:\/\/x-lite.com.tr\/wp-content\/uploads\/2021\/12\/x-lite-turbo-lighters-soft-black-wind-proof-18x8.png 18w\" sizes=\"(max-width: 541px) 100vw, 541px\" \/><\/figure><div class=\"elementor-image-box-content\"><h3 class=\"elementor-image-box-title\">Soft<\/h3><\/div><\/div>\t\t\t\t<\/div>\n\t\t\t\t<\/div>\n\t\t\t\t<div class=\"elementor-element elementor-element-548c3278 elementor-position-top elementor-widget elementor-widget-image-box\" data-id=\"548c3278\" data-element_type=\"widget\" data-widget_type=\"image-box.default\">\n\t\t\t\t<div class=\"elementor-widget-container\">\n\t\t\t\t\t<div class=\"elementor-image-box-wrapper\"><figure class=\"elementor-image-box-img\"><img decoding=\"async\" width=\"541\" height=\"251\" src=\"https:\/\/x-lite.com.tr\/wp-content\/uploads\/2021\/12\/x-lite-turbo-lite-cakmak.png\" class=\"attachment-full size-full wp-image-1190\" alt=\"\" srcset=\"https:\/\/x-lite.com.tr\/wp-content\/uploads\/2021\/12\/x-lite-turbo-lite-cakmak.png 541w, https:\/\/x-lite.com.tr\/wp-content\/uploads\/2021\/12\/x-lite-turbo-lite-cakmak-300x139.png 300w, https:\/\/x-lite.com.tr\/wp-content\/uploads\/2021\/12\/x-lite-turbo-lite-cakmak-18x8.png 18w\" sizes=\"(max-width: 541px) 100vw, 541px\" \/><\/figure><div class=\"elementor-image-box-content\"><h3 class=\"elementor-image-box-title\">Soft Colors<\/h3><\/div><\/div>\t\t\t\t<\/div>\n\t\t\t\t<\/div>\n\t\t\t\t<div class=\"elementor-element elementor-element-60b214d0 elementor-position-top elementor-widget elementor-widget-image-box\" data-id=\"60b214d0\" data-element_type=\"widget\" data-widget_type=\"image-box.default\">\n\t\t\t\t<div class=\"elementor-widget-container\">\n\t\t\t\t\t<div class=\"elementor-image-box-wrapper\"><figure class=\"elementor-image-box-img\"><img decoding=\"async\" width=\"541\" height=\"251\" src=\"https:\/\/x-lite.com.tr\/wp-content\/uploads\/2021\/12\/wind-proof-lighters-turbo-matryoshka-doll.png\" class=\"attachment-full size-full wp-image-1205\" alt=\"\" srcset=\"https:\/\/x-lite.com.tr\/wp-content\/uploads\/2021\/12\/wind-proof-lighters-turbo-matryoshka-doll.png 541w, https:\/\/x-lite.com.tr\/wp-content\/uploads\/2021\/12\/wind-proof-lighters-turbo-matryoshka-doll-300x139.png 300w, https:\/\/x-lite.com.tr\/wp-content\/uploads\/2021\/12\/wind-proof-lighters-turbo-matryoshka-doll-18x8.png 18w\" sizes=\"(max-width: 541px) 100vw, 541px\" \/><\/figure><div class=\"elementor-image-box-content\"><h3 class=\"elementor-image-box-title\">Matryoshka<\/h3><\/div><\/div>\t\t\t\t<\/div>\n\t\t\t\t<\/div>\n\t\t\t\t<div class=\"elementor-element elementor-element-7990ccbc elementor-position-top elementor-widget elementor-widget-image-box\" data-id=\"7990ccbc\" data-element_type=\"widget\" data-widget_type=\"image-box.default\">\n\t\t\t\t<div class=\"elementor-widget-container\">\n\t\t\t\t\t<div class=\"elementor-image-box-wrapper\"><figure class=\"elementor-image-box-img\"><img loading=\"lazy\" decoding=\"async\" width=\"541\" height=\"251\" src=\"https:\/\/x-lite.com.tr\/wp-content\/uploads\/2021\/12\/x-lite-turbo-elegance-cakmak.png\" class=\"attachment-full size-full wp-image-1192\" alt=\"\" srcset=\"https:\/\/x-lite.com.tr\/wp-content\/uploads\/2021\/12\/x-lite-turbo-elegance-cakmak.png 541w, https:\/\/x-lite.com.tr\/wp-content\/uploads\/2021\/12\/x-lite-turbo-elegance-cakmak-300x139.png 300w, https:\/\/x-lite.com.tr\/wp-content\/uploads\/2021\/12\/x-lite-turbo-elegance-cakmak-18x8.png 18w\" sizes=\"(max-width: 541px) 100vw, 541px\" \/><\/figure><div class=\"elementor-image-box-content\"><h3 class=\"elementor-image-box-title\">Elegance<\/h3><\/div><\/div>\t\t\t\t<\/div>\n\t\t\t\t<\/div>\n\t\t\t\t<div class=\"elementor-element elementor-element-8a70b elementor-position-top elementor-widget elementor-widget-image-box\" data-id=\"8a70b\" data-element_type=\"widget\" data-widget_type=\"image-box.default\">\n\t\t\t\t<div class=\"elementor-widget-container\">\n\t\t\t\t\t<div class=\"elementor-image-box-wrapper\"><figure class=\"elementor-image-box-img\"><img loading=\"lazy\" decoding=\"async\" width=\"541\" height=\"251\" src=\"https:\/\/x-lite.com.tr\/wp-content\/uploads\/2021\/12\/wind-proof-lighters-turbo-metallic.png\" class=\"attachment-full size-full wp-image-1206\" alt=\"\" srcset=\"https:\/\/x-lite.com.tr\/wp-content\/uploads\/2021\/12\/wind-proof-lighters-turbo-metallic.png 541w, https:\/\/x-lite.com.tr\/wp-content\/uploads\/2021\/12\/wind-proof-lighters-turbo-metallic-300x139.png 300w, https:\/\/x-lite.com.tr\/wp-content\/uploads\/2021\/12\/wind-proof-lighters-turbo-metallic-18x8.png 18w\" sizes=\"(max-width: 541px) 100vw, 541px\" \/><\/figure><div class=\"elementor-image-box-content\"><h3 class=\"elementor-image-box-title\">Metallic<\/h3><\/div><\/div>\t\t\t\t<\/div>\n\t\t\t\t<\/div>\n\t\t\t\t\t<\/div>\n\t\t<\/div>\n\t\t\t\t<div class=\"elementor-column elementor-col-50 elementor-inner-column elementor-element elementor-element-47a2c370\" data-id=\"47a2c370\" data-element_type=\"column\">\n\t\t\t<div class=\"elementor-widget-wrap elementor-element-populated\">\n\t\t\t\t\t\t<div class=\"elementor-element elementor-element-66efb07a elementor-position-top elementor-widget elementor-widget-image-box\" data-id=\"66efb07a\" data-element_type=\"widget\" data-widget_type=\"image-box.default\">\n\t\t\t\t<div class=\"elementor-widget-container\">\n\t\t\t\t\t<div class=\"elementor-image-box-wrapper\"><figure class=\"elementor-image-box-img\"><img loading=\"lazy\" decoding=\"async\" width=\"541\" height=\"251\" src=\"https:\/\/x-lite.com.tr\/wp-content\/uploads\/2021\/12\/x-lite-turbo-siyah-parlak-cakmak.png\" class=\"attachment-full size-full wp-image-1194\" alt=\"\" srcset=\"https:\/\/x-lite.com.tr\/wp-content\/uploads\/2021\/12\/x-lite-turbo-siyah-parlak-cakmak.png 541w, https:\/\/x-lite.com.tr\/wp-content\/uploads\/2021\/12\/x-lite-turbo-siyah-parlak-cakmak-300x139.png 300w, https:\/\/x-lite.com.tr\/wp-content\/uploads\/2021\/12\/x-lite-turbo-siyah-parlak-cakmak-18x8.png 18w\" sizes=\"(max-width: 541px) 100vw, 541px\" \/><\/figure><div class=\"elementor-image-box-content\"><h3 class=\"elementor-image-box-title\">Smooth<\/h3><\/div><\/div>\t\t\t\t<\/div>\n\t\t\t\t<\/div>\n\t\t\t\t<div class=\"elementor-element elementor-element-4a8dee3e elementor-position-top elementor-widget elementor-widget-image-box\" data-id=\"4a8dee3e\" data-element_type=\"widget\" data-widget_type=\"image-box.default\">\n\t\t\t\t<div class=\"elementor-widget-container\">\n\t\t\t\t\t<div class=\"elementor-image-box-wrapper\"><figure class=\"elementor-image-box-img\"><img loading=\"lazy\" decoding=\"async\" width=\"541\" height=\"251\" src=\"https:\/\/x-lite.com.tr\/wp-content\/uploads\/2021\/12\/x-lite-turbo-taraftar-cakmak.png\" class=\"attachment-full size-full wp-image-1195\" alt=\"\" srcset=\"https:\/\/x-lite.com.tr\/wp-content\/uploads\/2021\/12\/x-lite-turbo-taraftar-cakmak.png 541w, https:\/\/x-lite.com.tr\/wp-content\/uploads\/2021\/12\/x-lite-turbo-taraftar-cakmak-300x139.png 300w, https:\/\/x-lite.com.tr\/wp-content\/uploads\/2021\/12\/x-lite-turbo-taraftar-cakmak-18x8.png 18w\" sizes=\"(max-width: 541px) 100vw, 541px\" \/><\/figure><div class=\"elementor-image-box-content\"><h3 class=\"elementor-image-box-title\">Football<\/h3><\/div><\/div>\t\t\t\t<\/div>\n\t\t\t\t<\/div>\n\t\t\t\t<div class=\"elementor-element elementor-element-459e18c6 elementor-position-top elementor-widget elementor-widget-image-box\" data-id=\"459e18c6\" data-element_type=\"widget\" data-widget_type=\"image-box.default\">\n\t\t\t\t<div class=\"elementor-widget-container\">\n\t\t\t\t\t<div class=\"elementor-image-box-wrapper\"><figure class=\"elementor-image-box-img\"><img loading=\"lazy\" decoding=\"async\" width=\"541\" height=\"251\" src=\"https:\/\/x-lite.com.tr\/wp-content\/uploads\/2021\/12\/x-lite-turbo-flamingo-cakmak.png\" class=\"attachment-full size-full wp-image-1196\" alt=\"\" srcset=\"https:\/\/x-lite.com.tr\/wp-content\/uploads\/2021\/12\/x-lite-turbo-flamingo-cakmak.png 541w, https:\/\/x-lite.com.tr\/wp-content\/uploads\/2021\/12\/x-lite-turbo-flamingo-cakmak-300x139.png 300w, https:\/\/x-lite.com.tr\/wp-content\/uploads\/2021\/12\/x-lite-turbo-flamingo-cakmak-18x8.png 18w\" sizes=\"(max-width: 541px) 100vw, 541px\" \/><\/figure><div class=\"elementor-image-box-content\"><h3 class=\"elementor-image-box-title\">Flamingo<\/h3><\/div><\/div>\t\t\t\t<\/div>\n\t\t\t\t<\/div>\n\t\t\t\t<div class=\"elementor-element elementor-element-256bb31c elementor-position-top elementor-widget elementor-widget-image-box\" data-id=\"256bb31c\" data-element_type=\"widget\" data-widget_type=\"image-box.default\">\n\t\t\t\t<div class=\"elementor-widget-container\">\n\t\t\t\t\t<div class=\"elementor-image-box-wrapper\"><figure class=\"elementor-image-box-img\"><img loading=\"lazy\" decoding=\"async\" width=\"541\" height=\"251\" src=\"https:\/\/x-lite.com.tr\/wp-content\/uploads\/2021\/12\/x-lite-turbo-pastel-cakmak.png\" class=\"attachment-full size-full wp-image-1197\" alt=\"\" srcset=\"https:\/\/x-lite.com.tr\/wp-content\/uploads\/2021\/12\/x-lite-turbo-pastel-cakmak.png 541w, https:\/\/x-lite.com.tr\/wp-content\/uploads\/2021\/12\/x-lite-turbo-pastel-cakmak-300x139.png 300w, https:\/\/x-lite.com.tr\/wp-content\/uploads\/2021\/12\/x-lite-turbo-pastel-cakmak-18x8.png 18w\" sizes=\"(max-width: 541px) 100vw, 541px\" \/><\/figure><div class=\"elementor-image-box-content\"><h3 class=\"elementor-image-box-title\">Pastel<\/h3><\/div><\/div>\t\t\t\t<\/div>\n\t\t\t\t<\/div>\n\t\t\t\t<div class=\"elementor-element elementor-element-23ba1ede elementor-position-top elementor-widget elementor-widget-image-box\" data-id=\"23ba1ede\" data-element_type=\"widget\" data-widget_type=\"image-box.default\">\n\t\t\t\t<div class=\"elementor-widget-container\">\n\t\t\t\t\t<div class=\"elementor-image-box-wrapper\"><figure class=\"elementor-image-box-img\"><img loading=\"lazy\" decoding=\"async\" width=\"541\" height=\"251\" src=\"https:\/\/x-lite.com.tr\/wp-content\/uploads\/2021\/12\/wind-proof-turbo-lighter-turkey.png\" class=\"attachment-full size-full wp-image-1207\" alt=\"\" srcset=\"https:\/\/x-lite.com.tr\/wp-content\/uploads\/2021\/12\/wind-proof-turbo-lighter-turkey.png 541w, https:\/\/x-lite.com.tr\/wp-content\/uploads\/2021\/12\/wind-proof-turbo-lighter-turkey-300x139.png 300w, https:\/\/x-lite.com.tr\/wp-content\/uploads\/2021\/12\/wind-proof-turbo-lighter-turkey-18x8.png 18w\" sizes=\"(max-width: 541px) 100vw, 541px\" \/><\/figure><div class=\"elementor-image-box-content\"><h3 class=\"elementor-image-box-title\">Turkish Flag<\/h3><\/div><\/div>\t\t\t\t<\/div>\n\t\t\t\t<\/div>\n\t\t\t\t\t<\/div>\n\t\t<\/div>\n\t\t\t\t\t<\/div>\n\t\t<\/section>\n\t\t\t\t\t<\/div>\n\t\t<\/div>\n\t\t\t\t\t<\/div>\n\t\t<\/section>\n\t\t\t\t<\/div>","protected":false},"excerpt":{"rendered":"<p>TURBO Soft Soft Colors Matryoshka Elegance Metallic Smooth Football Flamingo Pastel Turkish Flag<\/p>","protected":false},"author":1,"featured_media":0,"parent":0,"menu_order":0,"comment_status":"closed","ping_status":"closed","template":"","meta":{"_monsterinsights_skip_tracking":false,"_monsterinsights_sitenote_active":false,"_monsterinsights_sitenote_note":"","_monsterinsights_sitenote_category":0,"footnotes":""},"class_list":["post-1187","page","type-page","status-publish","hentry"],"yoast_head":"<!-- This site is optimized with the Yoast SEO plugin v25.8 - https:\/\/yoast.com\/wordpress\/plugins\/seo\/ -->\n<title>Turbo Lighters - X-Lite \u00c7akmak<\/title>\n<meta name=\"robots\" content=\"index, follow, max-snippet:-1, max-image-preview:large, max-video-preview:-1\" \/>\n<link rel=\"canonical\" href=\"https:\/\/x-lite.com.tr\/en\/turbo-lighters\/\" \/>\n<meta property=\"og:locale\" content=\"en_GB\" \/>\n<meta property=\"og:type\" content=\"article\" \/>\n<meta property=\"og:title\" content=\"Turbo Lighters - X-Lite \u00c7akmak\" \/>\n<meta property=\"og:description\" content=\"TURBO Soft Soft Colors Matryoshka Elegance Metallic Smooth Football Flamingo Pastel Turkish Flag\" \/>\n<meta property=\"og:url\" content=\"https:\/\/x-lite.com.tr\/en\/turbo-lighters\/\" \/>\n<meta property=\"og:site_name\" content=\"X-Lite \u00c7akmak\" \/>\n<meta property=\"article:modified_time\" content=\"2021-12-13T15:33:50+00:00\" \/>\n<meta property=\"og:image\" content=\"http:\/\/x-lite.com.tr\/wp-content\/uploads\/2021\/12\/x-lite-turbo-lighters-soft-black-wind-proof.png\" \/>\n<meta name=\"twitter:card\" content=\"summary_large_image\" \/>\n<script type=\"application\/ld+json\" class=\"yoast-schema-graph\">{\"@context\":\"https:\/\/schema.org\",\"@graph\":[{\"@type\":\"WebPage\",\"@id\":\"https:\/\/x-lite.com.tr\/turbo-lighters\/\",\"url\":\"https:\/\/x-lite.com.tr\/turbo-lighters\/\",\"name\":\"Turbo Lighters - X-Lite \u00c7akmak\",\"isPartOf\":{\"@id\":\"https:\/\/x-lite.com.tr\/#website\"},\"primaryImageOfPage\":{\"@id\":\"https:\/\/x-lite.com.tr\/turbo-lighters\/#primaryimage\"},\"image\":{\"@id\":\"https:\/\/x-lite.com.tr\/turbo-lighters\/#primaryimage\"},\"thumbnailUrl\":\"http:\/\/x-lite.com.tr\/wp-content\/uploads\/2021\/12\/x-lite-turbo-lighters-soft-black-wind-proof.png\",\"datePublished\":\"2021-12-13T15:28:08+00:00\",\"dateModified\":\"2021-12-13T15:33:50+00:00\",\"breadcrumb\":{\"@id\":\"https:\/\/x-lite.com.tr\/turbo-lighters\/#breadcrumb\"},\"inLanguage\":\"en-GB\",\"potentialAction\":[{\"@type\":\"ReadAction\",\"target\":[\"https:\/\/x-lite.com.tr\/turbo-lighters\/\"]}]},{\"@type\":\"ImageObject\",\"inLanguage\":\"en-GB\",\"@id\":\"https:\/\/x-lite.com.tr\/turbo-lighters\/#primaryimage\",\"url\":\"http:\/\/x-lite.com.tr\/wp-content\/uploads\/2021\/12\/x-lite-turbo-lighters-soft-black-wind-proof.png\",\"contentUrl\":\"http:\/\/x-lite.com.tr\/wp-content\/uploads\/2021\/12\/x-lite-turbo-lighters-soft-black-wind-proof.png\"},{\"@type\":\"BreadcrumbList\",\"@id\":\"https:\/\/x-lite.com.tr\/turbo-lighters\/#breadcrumb\",\"itemListElement\":[{\"@type\":\"ListItem\",\"position\":1,\"name\":\"Anasayfa\",\"item\":\"https:\/\/x-lite.com.tr\/\"},{\"@type\":\"ListItem\",\"position\":2,\"name\":\"Turbo Lighters\"}]},{\"@type\":\"WebSite\",\"@id\":\"https:\/\/x-lite.com.tr\/#website\",\"url\":\"https:\/\/x-lite.com.tr\/\",\"name\":\"X-Lite \u00c7akmak\",\"description\":\"T\u00fcrkiye&#039;nin En G\u00fcvenilir \u00c7akmak \u00dcreticisi\",\"publisher\":{\"@id\":\"https:\/\/x-lite.com.tr\/#organization\"},\"potentialAction\":[{\"@type\":\"SearchAction\",\"target\":{\"@type\":\"EntryPoint\",\"urlTemplate\":\"https:\/\/x-lite.com.tr\/?s={search_term_string}\"},\"query-input\":{\"@type\":\"PropertyValueSpecification\",\"valueRequired\":true,\"valueName\":\"search_term_string\"}}],\"inLanguage\":\"en-GB\"},{\"@type\":\"Organization\",\"@id\":\"https:\/\/x-lite.com.tr\/#organization\",\"name\":\"X-Lite Lighters\",\"url\":\"https:\/\/x-lite.com.tr\/\",\"logo\":{\"@type\":\"ImageObject\",\"inLanguage\":\"en-GB\",\"@id\":\"https:\/\/x-lite.com.tr\/#\/schema\/logo\/image\/\",\"url\":\"https:\/\/x-lite.com.tr\/wp-content\/uploads\/2021\/09\/x-lite-logo.png\",\"contentUrl\":\"https:\/\/x-lite.com.tr\/wp-content\/uploads\/2021\/09\/x-lite-logo.png\",\"width\":383,\"height\":216,\"caption\":\"X-Lite Lighters\"},\"image\":{\"@id\":\"https:\/\/x-lite.com.tr\/#\/schema\/logo\/image\/\"},\"sameAs\":[\"https:\/\/www.instagram.com\/_x.lite_\/\"]}]}<\/script>\n<!-- \/ Yoast SEO plugin. -->","yoast_head_json":{"title":"Turbo Lighters - X-Lite \u00c7akmak","robots":{"index":"index","follow":"follow","max-snippet":"max-snippet:-1","max-image-preview":"max-image-preview:large","max-video-preview":"max-video-preview:-1"},"canonical":"https:\/\/x-lite.com.tr\/en\/turbo-lighters\/","og_locale":"en_GB","og_type":"article","og_title":"Turbo Lighters - X-Lite \u00c7akmak","og_description":"TURBO Soft Soft Colors Matryoshka Elegance Metallic Smooth Football Flamingo Pastel Turkish Flag","og_url":"https:\/\/x-lite.com.tr\/en\/turbo-lighters\/","og_site_name":"X-Lite \u00c7akmak","article_modified_time":"2021-12-13T15:33:50+00:00","og_image":[{"url":"http:\/\/x-lite.com.tr\/wp-content\/uploads\/2021\/12\/x-lite-turbo-lighters-soft-black-wind-proof.png","type":"","width":"","height":""}],"twitter_card":"summary_large_image","schema":{"@context":"https:\/\/schema.org","@graph":[{"@type":"WebPage","@id":"https:\/\/x-lite.com.tr\/turbo-lighters\/","url":"https:\/\/x-lite.com.tr\/turbo-lighters\/","name":"Turbo Lighters - X-Lite \u00c7akmak","isPartOf":{"@id":"https:\/\/x-lite.com.tr\/#website"},"primaryImageOfPage":{"@id":"https:\/\/x-lite.com.tr\/turbo-lighters\/#primaryimage"},"image":{"@id":"https:\/\/x-lite.com.tr\/turbo-lighters\/#primaryimage"},"thumbnailUrl":"http:\/\/x-lite.com.tr\/wp-content\/uploads\/2021\/12\/x-lite-turbo-lighters-soft-black-wind-proof.png","datePublished":"2021-12-13T15:28:08+00:00","dateModified":"2021-12-13T15:33:50+00:00","breadcrumb":{"@id":"https:\/\/x-lite.com.tr\/turbo-lighters\/#breadcrumb"},"inLanguage":"en-GB","potentialAction":[{"@type":"ReadAction","target":["https:\/\/x-lite.com.tr\/turbo-lighters\/"]}]},{"@type":"ImageObject","inLanguage":"en-GB","@id":"https:\/\/x-lite.com.tr\/turbo-lighters\/#primaryimage","url":"http:\/\/x-lite.com.tr\/wp-content\/uploads\/2021\/12\/x-lite-turbo-lighters-soft-black-wind-proof.png","contentUrl":"http:\/\/x-lite.com.tr\/wp-content\/uploads\/2021\/12\/x-lite-turbo-lighters-soft-black-wind-proof.png"},{"@type":"BreadcrumbList","@id":"https:\/\/x-lite.com.tr\/turbo-lighters\/#breadcrumb","itemListElement":[{"@type":"ListItem","position":1,"name":"Anasayfa","item":"https:\/\/x-lite.com.tr\/"},{"@type":"ListItem","position":2,"name":"Turbo Lighters"}]},{"@type":"WebSite","@id":"https:\/\/x-lite.com.tr\/#website","url":"https:\/\/x-lite.com.tr\/","name":"X-Lite \u00c7akmak","description":"T\u00fcrkiye&#039;nin En G\u00fcvenilir \u00c7akmak \u00dcreticisi","publisher":{"@id":"https:\/\/x-lite.com.tr\/#organization"},"potentialAction":[{"@type":"SearchAction","target":{"@type":"EntryPoint","urlTemplate":"https:\/\/x-lite.com.tr\/?s={search_term_string}"},"query-input":{"@type":"PropertyValueSpecification","valueRequired":true,"valueName":"search_term_string"}}],"inLanguage":"en-GB"},{"@type":"Organization","@id":"https:\/\/x-lite.com.tr\/#organization","name":"X-Lite Lighters","url":"https:\/\/x-lite.com.tr\/","logo":{"@type":"ImageObject","inLanguage":"en-GB","@id":"https:\/\/x-lite.com.tr\/#\/schema\/logo\/image\/","url":"https:\/\/x-lite.com.tr\/wp-content\/uploads\/2021\/09\/x-lite-logo.png","contentUrl":"https:\/\/x-lite.com.tr\/wp-content\/uploads\/2021\/09\/x-lite-logo.png","width":383,"height":216,"caption":"X-Lite Lighters"},"image":{"@id":"https:\/\/x-lite.com.tr\/#\/schema\/logo\/image\/"},"sameAs":["https:\/\/www.instagram.com\/_x.lite_\/"]}]}},"_links":{"self":[{"href":"https:\/\/x-lite.com.tr\/en\/wp-json\/wp\/v2\/pages\/1187","targetHints":{"allow":["GET"]}}],"collection":[{"href":"https:\/\/x-lite.com.tr\/en\/wp-json\/wp\/v2\/pages"}],"about":[{"href":"https:\/\/x-lite.com.tr\/en\/wp-json\/wp\/v2\/types\/page"}],"author":[{"embeddable":true,"href":"https:\/\/x-lite.com.tr\/en\/wp-json\/wp\/v2\/users\/1"}],"replies":[{"embeddable":true,"href":"https:\/\/x-lite.com.tr\/en\/wp-json\/wp\/v2\/comments?post=1187"}],"version-history":[{"count":0,"href":"https:\/\/x-lite.com.tr\/en\/wp-json\/wp\/v2\/pages\/1187\/revisions"}],"wp:attachment":[{"href":"https:\/\/x-lite.com.tr\/en\/wp-json\/wp\/v2\/media?parent=1187"}],"curies":[{"name":"wp","href":"https:\/\/api.w.org\/{rel}","templated":true}]}}