 {"id":1273,"date":"2021-12-13T19:18:08","date_gmt":"2021-12-13T16:18:08","guid":{"rendered":"http:\/\/x-lite.com.tr\/?page_id=1273"},"modified":"2025-06-26T19:08:57","modified_gmt":"2025-06-26T16:08:57","slug":"x-lite-cakmak-benzini","status":"publish","type":"page","link":"https:\/\/x-lite.com.tr\/en\/x-lite-cakmak-benzini\/","title":{"rendered":"Lighter Fluid"},"content":{"rendered":"<div data-elementor-type=\"wp-page\" data-elementor-id=\"1273\" class=\"elementor elementor-1273\" data-elementor-post-type=\"page\">\n\t\t\t\t\t\t<section class=\"elementor-section elementor-top-section elementor-element elementor-element-2c8149b6 elementor-section-content-middle elementor-reverse-mobile elementor-section-boxed elementor-section-height-default elementor-section-height-default\" data-id=\"2c8149b6\" data-element_type=\"section\" data-settings=\"{&quot;background_background&quot;:&quot;classic&quot;}\">\n\t\t\t\t\t\t<div class=\"elementor-container elementor-column-gap-no\">\n\t\t\t\t\t<div class=\"elementor-column elementor-col-50 elementor-top-column elementor-element elementor-element-6f33c110\" data-id=\"6f33c110\" data-element_type=\"column\">\n\t\t\t<div class=\"elementor-widget-wrap elementor-element-populated\">\n\t\t\t\t\t\t<div class=\"elementor-element elementor-element-56736059 elementor-widget elementor-widget-heading\" data-id=\"56736059\" data-element_type=\"widget\" data-widget_type=\"heading.default\">\n\t\t\t\t<div class=\"elementor-widget-container\">\n\t\t\t\t\t<h3 class=\"elementor-heading-title elementor-size-default\">Lighter Fluid<\/h3>\t\t\t\t<\/div>\n\t\t\t\t<\/div>\n\t\t\t\t<div class=\"elementor-element elementor-element-6133d94b elementor-widget elementor-widget-text-editor\" data-id=\"6133d94b\" data-element_type=\"widget\" data-widget_type=\"text-editor.default\">\n\t\t\t\t<div class=\"elementor-widget-container\">\n\t\t\t\t\t\t\t\t\t<p>Quick Firing<\/p><p>Slight Smell<\/p><p>Clean Flame<\/p><p>For Maximum Performance of Your Lighter<\/p>\t\t\t\t\t\t\t\t<\/div>\n\t\t\t\t<\/div>\n\t\t\t\t\t<\/div>\n\t\t<\/div>\n\t\t\t\t<div class=\"elementor-column elementor-col-50 elementor-top-column elementor-element elementor-element-8e326d7\" data-id=\"8e326d7\" data-element_type=\"column\">\n\t\t\t<div class=\"elementor-widget-wrap elementor-element-populated\">\n\t\t\t\t\t\t<div class=\"elementor-element elementor-element-51961d2f elementor-widget elementor-widget-image\" data-id=\"51961d2f\" data-element_type=\"widget\" data-widget_type=\"image.default\">\n\t\t\t\t<div class=\"elementor-widget-container\">\n\t\t\t\t\t\t\t\t\t\t\t\t\t\t\t<img fetchpriority=\"high\" decoding=\"async\" width=\"439\" height=\"985\" src=\"https:\/\/x-lite.com.tr\/wp-content\/uploads\/2021\/12\/lighter-fluid.png\" class=\"attachment-full size-full wp-image-1280\" alt=\"\" srcset=\"https:\/\/x-lite.com.tr\/wp-content\/uploads\/2021\/12\/lighter-fluid.png 439w, https:\/\/x-lite.com.tr\/wp-content\/uploads\/2021\/12\/lighter-fluid-134x300.png 134w, https:\/\/x-lite.com.tr\/wp-content\/uploads\/2021\/12\/lighter-fluid-5x12.png 5w\" sizes=\"(max-width: 439px) 100vw, 439px\" \/>\t\t\t\t\t\t\t\t\t\t\t\t\t\t\t<\/div>\n\t\t\t\t<\/div>\n\t\t\t\t\t<\/div>\n\t\t<\/div>\n\t\t\t\t\t<\/div>\n\t\t<\/section>\n\t\t\t\t<\/div>","protected":false},"excerpt":{"rendered":"<p>\u00c7akmak Benzini H\u0131zl\u0131 Ate\u015fleme Hafif Koku Temiz Alev \u00c7akma\u011f\u0131n\u0131z\u0131n Maksimum Performans\u0131 \u0130\u00e7in.<\/p>","protected":false},"author":1,"featured_media":0,"parent":0,"menu_order":0,"comment_status":"closed","ping_status":"closed","template":"","meta":{"_monsterinsights_skip_tracking":false,"_monsterinsights_sitenote_active":false,"_monsterinsights_sitenote_note":"","_monsterinsights_sitenote_category":0,"footnotes":""},"class_list":["post-1273","page","type-page","status-publish","hentry"],"yoast_head":"<!-- This site is optimized with the Yoast SEO plugin v25.8 - https:\/\/yoast.com\/wordpress\/plugins\/seo\/ -->\n<title>\u00c7akmak Yak\u0131t\u0131 - X-Lite \u00c7akmak<\/title>\n<meta name=\"description\" content=\"Best Lighter Fluid manufacturer in Turkey. Better than well known alternatives.\" \/>\n<meta name=\"robots\" content=\"index, follow, max-snippet:-1, max-image-preview:large, max-video-preview:-1\" \/>\n<link rel=\"canonical\" href=\"https:\/\/x-lite.com.tr\/en\/x-lite-cakmak-benzini\/\" \/>\n<meta property=\"og:locale\" content=\"en_GB\" \/>\n<meta property=\"og:type\" content=\"article\" \/>\n<meta property=\"og:title\" content=\"\u00c7akmak Yak\u0131t\u0131 - X-Lite \u00c7akmak\" \/>\n<meta property=\"og:description\" content=\"Best Lighter Fluid manufacturer in Turkey. Better than well known alternatives.\" \/>\n<meta property=\"og:url\" content=\"https:\/\/x-lite.com.tr\/en\/x-lite-cakmak-benzini\/\" \/>\n<meta property=\"og:site_name\" content=\"X-Lite \u00c7akmak\" \/>\n<meta property=\"article:modified_time\" content=\"2025-06-26T16:08:57+00:00\" \/>\n<meta property=\"og:image\" content=\"https:\/\/x-lite.com.tr\/wp-content\/uploads\/2021\/12\/lighter-fluid.png\" \/>\n\t<meta property=\"og:image:width\" content=\"439\" \/>\n\t<meta property=\"og:image:height\" content=\"985\" \/>\n\t<meta property=\"og:image:type\" content=\"image\/png\" \/>\n<meta name=\"twitter:card\" content=\"summary_large_image\" \/>\n<meta name=\"twitter:label1\" content=\"Estimated reading time\" \/>\n\t<meta name=\"twitter:data1\" content=\"1 minute\" \/>\n<script type=\"application\/ld+json\" class=\"yoast-schema-graph\">{\"@context\":\"https:\/\/schema.org\",\"@graph\":[{\"@type\":\"WebPage\",\"@id\":\"https:\/\/x-lite.com.tr\/x-lite-cakmak-benzini\/\",\"url\":\"https:\/\/x-lite.com.tr\/x-lite-cakmak-benzini\/\",\"name\":\"\u00c7akmak Yak\u0131t\u0131 - X-Lite \u00c7akmak\",\"isPartOf\":{\"@id\":\"https:\/\/x-lite.com.tr\/#website\"},\"primaryImageOfPage\":{\"@id\":\"https:\/\/x-lite.com.tr\/x-lite-cakmak-benzini\/#primaryimage\"},\"image\":{\"@id\":\"https:\/\/x-lite.com.tr\/x-lite-cakmak-benzini\/#primaryimage\"},\"thumbnailUrl\":\"https:\/\/x-lite.com.tr\/wp-content\/uploads\/2021\/12\/lighter-fluid.png\",\"datePublished\":\"2021-12-13T16:18:08+00:00\",\"dateModified\":\"2025-06-26T16:08:57+00:00\",\"description\":\"Best Lighter Fluid manufacturer in Turkey. Better than well known alternatives.\",\"breadcrumb\":{\"@id\":\"https:\/\/x-lite.com.tr\/x-lite-cakmak-benzini\/#breadcrumb\"},\"inLanguage\":\"en-GB\",\"potentialAction\":[{\"@type\":\"ReadAction\",\"target\":[\"https:\/\/x-lite.com.tr\/x-lite-cakmak-benzini\/\"]}]},{\"@type\":\"ImageObject\",\"inLanguage\":\"en-GB\",\"@id\":\"https:\/\/x-lite.com.tr\/x-lite-cakmak-benzini\/#primaryimage\",\"url\":\"https:\/\/x-lite.com.tr\/wp-content\/uploads\/2021\/12\/lighter-fluid.png\",\"contentUrl\":\"https:\/\/x-lite.com.tr\/wp-content\/uploads\/2021\/12\/lighter-fluid.png\"},{\"@type\":\"BreadcrumbList\",\"@id\":\"https:\/\/x-lite.com.tr\/x-lite-cakmak-benzini\/#breadcrumb\",\"itemListElement\":[{\"@type\":\"ListItem\",\"position\":1,\"name\":\"Anasayfa\",\"item\":\"https:\/\/x-lite.com.tr\/\"},{\"@type\":\"ListItem\",\"position\":2,\"name\":\"\u00c7akmak Yak\u0131t\u0131\"}]},{\"@type\":\"WebSite\",\"@id\":\"https:\/\/x-lite.com.tr\/#website\",\"url\":\"https:\/\/x-lite.com.tr\/\",\"name\":\"X-Lite \u00c7akmak\",\"description\":\"T\u00fcrkiye&#039;nin En G\u00fcvenilir \u00c7akmak \u00dcreticisi\",\"publisher\":{\"@id\":\"https:\/\/x-lite.com.tr\/#organization\"},\"potentialAction\":[{\"@type\":\"SearchAction\",\"target\":{\"@type\":\"EntryPoint\",\"urlTemplate\":\"https:\/\/x-lite.com.tr\/?s={search_term_string}\"},\"query-input\":{\"@type\":\"PropertyValueSpecification\",\"valueRequired\":true,\"valueName\":\"search_term_string\"}}],\"inLanguage\":\"en-GB\"},{\"@type\":\"Organization\",\"@id\":\"https:\/\/x-lite.com.tr\/#organization\",\"name\":\"X-Lite Lighters\",\"url\":\"https:\/\/x-lite.com.tr\/\",\"logo\":{\"@type\":\"ImageObject\",\"inLanguage\":\"en-GB\",\"@id\":\"https:\/\/x-lite.com.tr\/#\/schema\/logo\/image\/\",\"url\":\"https:\/\/x-lite.com.tr\/wp-content\/uploads\/2021\/09\/x-lite-logo.png\",\"contentUrl\":\"https:\/\/x-lite.com.tr\/wp-content\/uploads\/2021\/09\/x-lite-logo.png\",\"width\":383,\"height\":216,\"caption\":\"X-Lite Lighters\"},\"image\":{\"@id\":\"https:\/\/x-lite.com.tr\/#\/schema\/logo\/image\/\"},\"sameAs\":[\"https:\/\/www.instagram.com\/_x.lite_\/\"]}]}<\/script>\n<!-- \/ Yoast SEO plugin. -->","yoast_head_json":{"title":"\u00c7akmak Yak\u0131t\u0131 - X-Lite \u00c7akmak","description":"Best Lighter Fluid manufacturer in Turkey. Better than well known alternatives.","robots":{"index":"index","follow":"follow","max-snippet":"max-snippet:-1","max-image-preview":"max-image-preview:large","max-video-preview":"max-video-preview:-1"},"canonical":"https:\/\/x-lite.com.tr\/en\/x-lite-cakmak-benzini\/","og_locale":"en_GB","og_type":"article","og_title":"\u00c7akmak Yak\u0131t\u0131 - X-Lite \u00c7akmak","og_description":"Best Lighter Fluid manufacturer in Turkey. Better than well known alternatives.","og_url":"https:\/\/x-lite.com.tr\/en\/x-lite-cakmak-benzini\/","og_site_name":"X-Lite \u00c7akmak","article_modified_time":"2025-06-26T16:08:57+00:00","og_image":[{"width":439,"height":985,"url":"https:\/\/x-lite.com.tr\/wp-content\/uploads\/2021\/12\/lighter-fluid.png","type":"image\/png"}],"twitter_card":"summary_large_image","twitter_misc":{"Estimated reading time":"1 minute"},"schema":{"@context":"https:\/\/schema.org","@graph":[{"@type":"WebPage","@id":"https:\/\/x-lite.com.tr\/x-lite-cakmak-benzini\/","url":"https:\/\/x-lite.com.tr\/x-lite-cakmak-benzini\/","name":"\u00c7akmak Yak\u0131t\u0131 - X-Lite \u00c7akmak","isPartOf":{"@id":"https:\/\/x-lite.com.tr\/#website"},"primaryImageOfPage":{"@id":"https:\/\/x-lite.com.tr\/x-lite-cakmak-benzini\/#primaryimage"},"image":{"@id":"https:\/\/x-lite.com.tr\/x-lite-cakmak-benzini\/#primaryimage"},"thumbnailUrl":"https:\/\/x-lite.com.tr\/wp-content\/uploads\/2021\/12\/lighter-fluid.png","datePublished":"2021-12-13T16:18:08+00:00","dateModified":"2025-06-26T16:08:57+00:00","description":"Best Lighter Fluid manufacturer in Turkey. Better than well known alternatives.","breadcrumb":{"@id":"https:\/\/x-lite.com.tr\/x-lite-cakmak-benzini\/#breadcrumb"},"inLanguage":"en-GB","potentialAction":[{"@type":"ReadAction","target":["https:\/\/x-lite.com.tr\/x-lite-cakmak-benzini\/"]}]},{"@type":"ImageObject","inLanguage":"en-GB","@id":"https:\/\/x-lite.com.tr\/x-lite-cakmak-benzini\/#primaryimage","url":"https:\/\/x-lite.com.tr\/wp-content\/uploads\/2021\/12\/lighter-fluid.png","contentUrl":"https:\/\/x-lite.com.tr\/wp-content\/uploads\/2021\/12\/lighter-fluid.png"},{"@type":"BreadcrumbList","@id":"https:\/\/x-lite.com.tr\/x-lite-cakmak-benzini\/#breadcrumb","itemListElement":[{"@type":"ListItem","position":1,"name":"Anasayfa","item":"https:\/\/x-lite.com.tr\/"},{"@type":"ListItem","position":2,"name":"\u00c7akmak Yak\u0131t\u0131"}]},{"@type":"WebSite","@id":"https:\/\/x-lite.com.tr\/#website","url":"https:\/\/x-lite.com.tr\/","name":"X-Lite \u00c7akmak","description":"T\u00fcrkiye&#039;nin En G\u00fcvenilir \u00c7akmak \u00dcreticisi","publisher":{"@id":"https:\/\/x-lite.com.tr\/#organization"},"potentialAction":[{"@type":"SearchAction","target":{"@type":"EntryPoint","urlTemplate":"https:\/\/x-lite.com.tr\/?s={search_term_string}"},"query-input":{"@type":"PropertyValueSpecification","valueRequired":true,"valueName":"search_term_string"}}],"inLanguage":"en-GB"},{"@type":"Organization","@id":"https:\/\/x-lite.com.tr\/#organization","name":"X-Lite Lighters","url":"https:\/\/x-lite.com.tr\/","logo":{"@type":"ImageObject","inLanguage":"en-GB","@id":"https:\/\/x-lite.com.tr\/#\/schema\/logo\/image\/","url":"https:\/\/x-lite.com.tr\/wp-content\/uploads\/2021\/09\/x-lite-logo.png","contentUrl":"https:\/\/x-lite.com.tr\/wp-content\/uploads\/2021\/09\/x-lite-logo.png","width":383,"height":216,"caption":"X-Lite Lighters"},"image":{"@id":"https:\/\/x-lite.com.tr\/#\/schema\/logo\/image\/"},"sameAs":["https:\/\/www.instagram.com\/_x.lite_\/"]}]}},"_links":{"self":[{"href":"https:\/\/x-lite.com.tr\/en\/wp-json\/wp\/v2\/pages\/1273","targetHints":{"allow":["GET"]}}],"collection":[{"href":"https:\/\/x-lite.com.tr\/en\/wp-json\/wp\/v2\/pages"}],"about":[{"href":"https:\/\/x-lite.com.tr\/en\/wp-json\/wp\/v2\/types\/page"}],"author":[{"embeddable":true,"href":"https:\/\/x-lite.com.tr\/en\/wp-json\/wp\/v2\/users\/1"}],"replies":[{"embeddable":true,"href":"https:\/\/x-lite.com.tr\/en\/wp-json\/wp\/v2\/comments?post=1273"}],"version-history":[{"count":3,"href":"https:\/\/x-lite.com.tr\/en\/wp-json\/wp\/v2\/pages\/1273\/revisions"}],"predecessor-version":[{"id":2764,"href":"https:\/\/x-lite.com.tr\/en\/wp-json\/wp\/v2\/pages\/1273\/revisions\/2764"}],"wp:attachment":[{"href":"https:\/\/x-lite.com.tr\/en\/wp-json\/wp\/v2\/media?parent=1273"}],"curies":[{"name":"wp","href":"https:\/\/api.w.org\/{rel}","templated":true}]}}