 {"id":1485,"date":"2021-12-31T10:51:53","date_gmt":"2021-12-31T07:51:53","guid":{"rendered":"https:\/\/x-lite.com.tr\/?page_id=1485"},"modified":"2025-06-26T19:10:33","modified_gmt":"2025-06-26T16:10:33","slug":"hizli-ates-yak","status":"publish","type":"page","link":"https:\/\/x-lite.com.tr\/en\/hizli-ates-yak\/","title":{"rendered":"Barbecue Fluid"},"content":{"rendered":"<div data-elementor-type=\"wp-page\" data-elementor-id=\"1485\" class=\"elementor elementor-1485\" data-elementor-post-type=\"page\">\n\t\t\t\t\t\t<section class=\"elementor-section elementor-top-section elementor-element elementor-element-542ce16b elementor-section-content-middle elementor-reverse-mobile elementor-section-height-full elementor-section-boxed elementor-section-height-default elementor-section-items-middle\" data-id=\"542ce16b\" data-element_type=\"section\" data-settings=\"{&quot;background_background&quot;:&quot;classic&quot;}\">\n\t\t\t\t\t\t<div class=\"elementor-container elementor-column-gap-no\">\n\t\t\t\t\t<div class=\"elementor-column elementor-col-50 elementor-top-column elementor-element elementor-element-39a4fe38\" data-id=\"39a4fe38\" data-element_type=\"column\">\n\t\t\t<div class=\"elementor-widget-wrap elementor-element-populated\">\n\t\t\t\t\t\t<div class=\"elementor-element elementor-element-6a2e1181 elementor-widget elementor-widget-heading\" data-id=\"6a2e1181\" data-element_type=\"widget\" data-widget_type=\"heading.default\">\n\t\t\t\t<div class=\"elementor-widget-container\">\n\t\t\t\t\t<h3 class=\"elementor-heading-title elementor-size-default\">Barbecue Fluid<\/h3>\t\t\t\t<\/div>\n\t\t\t\t<\/div>\n\t\t\t\t<div class=\"elementor-element elementor-element-4d86d823 elementor-widget elementor-widget-text-editor\" data-id=\"4d86d823\" data-element_type=\"widget\" data-widget_type=\"text-editor.default\">\n\t\t\t\t<div class=\"elementor-widget-container\">\n\t\t\t\t\t\t\t\t\t<p>Making a fire with X-Lite barbecue fluid has never been easier. Your barbecue party is ready in seconds.<\/p>\t\t\t\t\t\t\t\t<\/div>\n\t\t\t\t<\/div>\n\t\t\t\t\t<\/div>\n\t\t<\/div>\n\t\t\t\t<div class=\"elementor-column elementor-col-50 elementor-top-column elementor-element elementor-element-42151164\" data-id=\"42151164\" data-element_type=\"column\">\n\t\t\t<div class=\"elementor-widget-wrap elementor-element-populated\">\n\t\t\t\t\t\t<div class=\"elementor-element elementor-element-5357953 elementor-widget elementor-widget-image\" data-id=\"5357953\" data-element_type=\"widget\" data-widget_type=\"image.default\">\n\t\t\t\t<div class=\"elementor-widget-container\">\n\t\t\t\t\t\t\t\t\t\t\t\t\t\t\t<img fetchpriority=\"high\" decoding=\"async\" width=\"293\" height=\"776\" src=\"https:\/\/x-lite.com.tr\/wp-content\/uploads\/2021\/12\/barbeque-fluiid.png\" class=\"attachment-full size-full wp-image-1488\" alt=\"\" srcset=\"https:\/\/x-lite.com.tr\/wp-content\/uploads\/2021\/12\/barbeque-fluiid.png 293w, https:\/\/x-lite.com.tr\/wp-content\/uploads\/2021\/12\/barbeque-fluiid-113x300.png 113w, https:\/\/x-lite.com.tr\/wp-content\/uploads\/2021\/12\/barbeque-fluiid-5x12.png 5w\" sizes=\"(max-width: 293px) 100vw, 293px\" \/>\t\t\t\t\t\t\t\t\t\t\t\t\t\t\t<\/div>\n\t\t\t\t<\/div>\n\t\t\t\t\t<\/div>\n\t\t<\/div>\n\t\t\t\t\t<\/div>\n\t\t<\/section>\n\t\t\t\t<\/div>","protected":false},"excerpt":{"rendered":"<p>H\u0131zl\u0131 Ate\u015f Yak X-Lite barbek\u00fc s\u0131v\u0131s\u0131yla ate\u015f yakmak hi\u00e7 bu kadar kolay olmam\u0131\u015ft\u0131. Barbek\u00fc partiniz saniyeler i\u00e7inde haz\u0131r.<\/p>","protected":false},"author":1,"featured_media":0,"parent":0,"menu_order":0,"comment_status":"closed","ping_status":"closed","template":"","meta":{"_monsterinsights_skip_tracking":false,"_monsterinsights_sitenote_active":false,"_monsterinsights_sitenote_note":"","_monsterinsights_sitenote_category":0,"footnotes":""},"class_list":["post-1485","page","type-page","status-publish","hentry"],"yoast_head":"<!-- This site is optimized with the Yoast SEO plugin v25.8 - https:\/\/yoast.com\/wordpress\/plugins\/seo\/ -->\n<title>H\u0131zl\u0131 Ate\u015f Yak - X-Lite \u00c7akmak<\/title>\n<meta name=\"robots\" content=\"index, follow, max-snippet:-1, max-image-preview:large, max-video-preview:-1\" \/>\n<link rel=\"canonical\" href=\"https:\/\/x-lite.com.tr\/en\/hizli-ates-yak\/\" \/>\n<meta property=\"og:locale\" content=\"en_GB\" \/>\n<meta property=\"og:type\" content=\"article\" \/>\n<meta property=\"og:title\" content=\"H\u0131zl\u0131 Ate\u015f Yak - X-Lite \u00c7akmak\" \/>\n<meta property=\"og:description\" content=\"H\u0131zl\u0131 Ate\u015f Yak X-Lite barbek\u00fc s\u0131v\u0131s\u0131yla ate\u015f yakmak hi\u00e7 bu kadar kolay olmam\u0131\u015ft\u0131. Barbek\u00fc partiniz saniyeler i\u00e7inde haz\u0131r.\" \/>\n<meta property=\"og:url\" content=\"https:\/\/x-lite.com.tr\/en\/hizli-ates-yak\/\" \/>\n<meta property=\"og:site_name\" content=\"X-Lite \u00c7akmak\" \/>\n<meta property=\"article:modified_time\" content=\"2025-06-26T16:10:33+00:00\" \/>\n<meta property=\"og:image\" content=\"https:\/\/x-lite.com.tr\/wp-content\/uploads\/2021\/12\/barbeque-fluiid.png\" \/>\n\t<meta property=\"og:image:width\" content=\"293\" \/>\n\t<meta property=\"og:image:height\" content=\"776\" \/>\n\t<meta property=\"og:image:type\" content=\"image\/png\" \/>\n<meta name=\"twitter:card\" content=\"summary_large_image\" \/>\n<meta name=\"twitter:label1\" content=\"Estimated reading time\" \/>\n\t<meta name=\"twitter:data1\" content=\"1 minute\" \/>\n<script type=\"application\/ld+json\" class=\"yoast-schema-graph\">{\"@context\":\"https:\/\/schema.org\",\"@graph\":[{\"@type\":\"WebPage\",\"@id\":\"https:\/\/x-lite.com.tr\/hizli-ates-yak\/\",\"url\":\"https:\/\/x-lite.com.tr\/hizli-ates-yak\/\",\"name\":\"H\u0131zl\u0131 Ate\u015f Yak - X-Lite \u00c7akmak\",\"isPartOf\":{\"@id\":\"https:\/\/x-lite.com.tr\/#website\"},\"primaryImageOfPage\":{\"@id\":\"https:\/\/x-lite.com.tr\/hizli-ates-yak\/#primaryimage\"},\"image\":{\"@id\":\"https:\/\/x-lite.com.tr\/hizli-ates-yak\/#primaryimage\"},\"thumbnailUrl\":\"https:\/\/x-lite.com.tr\/wp-content\/uploads\/2021\/12\/barbeque-fluiid.png\",\"datePublished\":\"2021-12-31T07:51:53+00:00\",\"dateModified\":\"2025-06-26T16:10:33+00:00\",\"breadcrumb\":{\"@id\":\"https:\/\/x-lite.com.tr\/hizli-ates-yak\/#breadcrumb\"},\"inLanguage\":\"en-GB\",\"potentialAction\":[{\"@type\":\"ReadAction\",\"target\":[\"https:\/\/x-lite.com.tr\/hizli-ates-yak\/\"]}]},{\"@type\":\"ImageObject\",\"inLanguage\":\"en-GB\",\"@id\":\"https:\/\/x-lite.com.tr\/hizli-ates-yak\/#primaryimage\",\"url\":\"https:\/\/x-lite.com.tr\/wp-content\/uploads\/2021\/12\/barbeque-fluiid.png\",\"contentUrl\":\"https:\/\/x-lite.com.tr\/wp-content\/uploads\/2021\/12\/barbeque-fluiid.png\"},{\"@type\":\"BreadcrumbList\",\"@id\":\"https:\/\/x-lite.com.tr\/hizli-ates-yak\/#breadcrumb\",\"itemListElement\":[{\"@type\":\"ListItem\",\"position\":1,\"name\":\"Anasayfa\",\"item\":\"https:\/\/x-lite.com.tr\/\"},{\"@type\":\"ListItem\",\"position\":2,\"name\":\"H\u0131zl\u0131 Ate\u015f Yak\"}]},{\"@type\":\"WebSite\",\"@id\":\"https:\/\/x-lite.com.tr\/#website\",\"url\":\"https:\/\/x-lite.com.tr\/\",\"name\":\"X-Lite \u00c7akmak\",\"description\":\"T\u00fcrkiye&#039;nin En G\u00fcvenilir \u00c7akmak \u00dcreticisi\",\"publisher\":{\"@id\":\"https:\/\/x-lite.com.tr\/#organization\"},\"potentialAction\":[{\"@type\":\"SearchAction\",\"target\":{\"@type\":\"EntryPoint\",\"urlTemplate\":\"https:\/\/x-lite.com.tr\/?s={search_term_string}\"},\"query-input\":{\"@type\":\"PropertyValueSpecification\",\"valueRequired\":true,\"valueName\":\"search_term_string\"}}],\"inLanguage\":\"en-GB\"},{\"@type\":\"Organization\",\"@id\":\"https:\/\/x-lite.com.tr\/#organization\",\"name\":\"X-Lite Lighters\",\"url\":\"https:\/\/x-lite.com.tr\/\",\"logo\":{\"@type\":\"ImageObject\",\"inLanguage\":\"en-GB\",\"@id\":\"https:\/\/x-lite.com.tr\/#\/schema\/logo\/image\/\",\"url\":\"https:\/\/x-lite.com.tr\/wp-content\/uploads\/2021\/09\/x-lite-logo.png\",\"contentUrl\":\"https:\/\/x-lite.com.tr\/wp-content\/uploads\/2021\/09\/x-lite-logo.png\",\"width\":383,\"height\":216,\"caption\":\"X-Lite Lighters\"},\"image\":{\"@id\":\"https:\/\/x-lite.com.tr\/#\/schema\/logo\/image\/\"},\"sameAs\":[\"https:\/\/www.instagram.com\/_x.lite_\/\"]}]}<\/script>\n<!-- \/ Yoast SEO plugin. -->","yoast_head_json":{"title":"H\u0131zl\u0131 Ate\u015f Yak - X-Lite \u00c7akmak","robots":{"index":"index","follow":"follow","max-snippet":"max-snippet:-1","max-image-preview":"max-image-preview:large","max-video-preview":"max-video-preview:-1"},"canonical":"https:\/\/x-lite.com.tr\/en\/hizli-ates-yak\/","og_locale":"en_GB","og_type":"article","og_title":"H\u0131zl\u0131 Ate\u015f Yak - X-Lite \u00c7akmak","og_description":"H\u0131zl\u0131 Ate\u015f Yak X-Lite barbek\u00fc s\u0131v\u0131s\u0131yla ate\u015f yakmak hi\u00e7 bu kadar kolay olmam\u0131\u015ft\u0131. Barbek\u00fc partiniz saniyeler i\u00e7inde haz\u0131r.","og_url":"https:\/\/x-lite.com.tr\/en\/hizli-ates-yak\/","og_site_name":"X-Lite \u00c7akmak","article_modified_time":"2025-06-26T16:10:33+00:00","og_image":[{"width":293,"height":776,"url":"https:\/\/x-lite.com.tr\/wp-content\/uploads\/2021\/12\/barbeque-fluiid.png","type":"image\/png"}],"twitter_card":"summary_large_image","twitter_misc":{"Estimated reading time":"1 minute"},"schema":{"@context":"https:\/\/schema.org","@graph":[{"@type":"WebPage","@id":"https:\/\/x-lite.com.tr\/hizli-ates-yak\/","url":"https:\/\/x-lite.com.tr\/hizli-ates-yak\/","name":"H\u0131zl\u0131 Ate\u015f Yak - X-Lite \u00c7akmak","isPartOf":{"@id":"https:\/\/x-lite.com.tr\/#website"},"primaryImageOfPage":{"@id":"https:\/\/x-lite.com.tr\/hizli-ates-yak\/#primaryimage"},"image":{"@id":"https:\/\/x-lite.com.tr\/hizli-ates-yak\/#primaryimage"},"thumbnailUrl":"https:\/\/x-lite.com.tr\/wp-content\/uploads\/2021\/12\/barbeque-fluiid.png","datePublished":"2021-12-31T07:51:53+00:00","dateModified":"2025-06-26T16:10:33+00:00","breadcrumb":{"@id":"https:\/\/x-lite.com.tr\/hizli-ates-yak\/#breadcrumb"},"inLanguage":"en-GB","potentialAction":[{"@type":"ReadAction","target":["https:\/\/x-lite.com.tr\/hizli-ates-yak\/"]}]},{"@type":"ImageObject","inLanguage":"en-GB","@id":"https:\/\/x-lite.com.tr\/hizli-ates-yak\/#primaryimage","url":"https:\/\/x-lite.com.tr\/wp-content\/uploads\/2021\/12\/barbeque-fluiid.png","contentUrl":"https:\/\/x-lite.com.tr\/wp-content\/uploads\/2021\/12\/barbeque-fluiid.png"},{"@type":"BreadcrumbList","@id":"https:\/\/x-lite.com.tr\/hizli-ates-yak\/#breadcrumb","itemListElement":[{"@type":"ListItem","position":1,"name":"Anasayfa","item":"https:\/\/x-lite.com.tr\/"},{"@type":"ListItem","position":2,"name":"H\u0131zl\u0131 Ate\u015f Yak"}]},{"@type":"WebSite","@id":"https:\/\/x-lite.com.tr\/#website","url":"https:\/\/x-lite.com.tr\/","name":"X-Lite \u00c7akmak","description":"T\u00fcrkiye&#039;nin En G\u00fcvenilir \u00c7akmak \u00dcreticisi","publisher":{"@id":"https:\/\/x-lite.com.tr\/#organization"},"potentialAction":[{"@type":"SearchAction","target":{"@type":"EntryPoint","urlTemplate":"https:\/\/x-lite.com.tr\/?s={search_term_string}"},"query-input":{"@type":"PropertyValueSpecification","valueRequired":true,"valueName":"search_term_string"}}],"inLanguage":"en-GB"},{"@type":"Organization","@id":"https:\/\/x-lite.com.tr\/#organization","name":"X-Lite Lighters","url":"https:\/\/x-lite.com.tr\/","logo":{"@type":"ImageObject","inLanguage":"en-GB","@id":"https:\/\/x-lite.com.tr\/#\/schema\/logo\/image\/","url":"https:\/\/x-lite.com.tr\/wp-content\/uploads\/2021\/09\/x-lite-logo.png","contentUrl":"https:\/\/x-lite.com.tr\/wp-content\/uploads\/2021\/09\/x-lite-logo.png","width":383,"height":216,"caption":"X-Lite Lighters"},"image":{"@id":"https:\/\/x-lite.com.tr\/#\/schema\/logo\/image\/"},"sameAs":["https:\/\/www.instagram.com\/_x.lite_\/"]}]}},"_links":{"self":[{"href":"https:\/\/x-lite.com.tr\/en\/wp-json\/wp\/v2\/pages\/1485","targetHints":{"allow":["GET"]}}],"collection":[{"href":"https:\/\/x-lite.com.tr\/en\/wp-json\/wp\/v2\/pages"}],"about":[{"href":"https:\/\/x-lite.com.tr\/en\/wp-json\/wp\/v2\/types\/page"}],"author":[{"embeddable":true,"href":"https:\/\/x-lite.com.tr\/en\/wp-json\/wp\/v2\/users\/1"}],"replies":[{"embeddable":true,"href":"https:\/\/x-lite.com.tr\/en\/wp-json\/wp\/v2\/comments?post=1485"}],"version-history":[{"count":3,"href":"https:\/\/x-lite.com.tr\/en\/wp-json\/wp\/v2\/pages\/1485\/revisions"}],"predecessor-version":[{"id":2767,"href":"https:\/\/x-lite.com.tr\/en\/wp-json\/wp\/v2\/pages\/1485\/revisions\/2767"}],"wp:attachment":[{"href":"https:\/\/x-lite.com.tr\/en\/wp-json\/wp\/v2\/media?parent=1485"}],"curies":[{"name":"wp","href":"https:\/\/api.w.org\/{rel}","templated":true}]}}