 {"id":1750,"date":"2023-11-10T14:20:08","date_gmt":"2023-11-10T11:20:08","guid":{"rendered":"https:\/\/x-lite.com.tr\/?page_id=1750"},"modified":"2023-11-12T15:55:42","modified_gmt":"2023-11-12T12:55:42","slug":"isimli-cakmak","status":"publish","type":"page","link":"https:\/\/x-lite.com.tr\/en\/isimli-cakmak\/","title":{"rendered":"Custom Name Lighters"},"content":{"rendered":"<div data-elementor-type=\"wp-page\" data-elementor-id=\"1750\" class=\"elementor elementor-1750\" data-elementor-post-type=\"page\">\n\t\t\t\t\t\t<section class=\"elementor-section elementor-top-section elementor-element elementor-element-5fbbb86f elementor-section-content-middle elementor-section-boxed elementor-section-height-default elementor-section-height-default\" data-id=\"5fbbb86f\" data-element_type=\"section\">\n\t\t\t\t\t\t<div class=\"elementor-container elementor-column-gap-no\">\n\t\t\t\t\t<div class=\"elementor-column elementor-col-50 elementor-top-column elementor-element elementor-element-1bd545b6\" data-id=\"1bd545b6\" data-element_type=\"column\">\n\t\t\t<div class=\"elementor-widget-wrap elementor-element-populated\">\n\t\t\t\t\t\t<div class=\"elementor-element elementor-element-19e0df70 elementor-widget elementor-widget-image\" data-id=\"19e0df70\" data-element_type=\"widget\" data-widget_type=\"image.default\">\n\t\t\t\t<div class=\"elementor-widget-container\">\n\t\t\t\t\t\t\t\t\t\t\t\t\t\t\t<img fetchpriority=\"high\" decoding=\"async\" width=\"1137\" height=\"696\" src=\"https:\/\/x-lite.com.tr\/wp-content\/uploads\/2023\/11\/Asset-24075.webp\" class=\"attachment-full size-full wp-image-1754\" alt=\"\" srcset=\"https:\/\/x-lite.com.tr\/wp-content\/uploads\/2023\/11\/Asset-24075.webp 1137w, https:\/\/x-lite.com.tr\/wp-content\/uploads\/2023\/11\/Asset-24075-300x184.webp 300w, https:\/\/x-lite.com.tr\/wp-content\/uploads\/2023\/11\/Asset-24075-1024x627.webp 1024w, https:\/\/x-lite.com.tr\/wp-content\/uploads\/2023\/11\/Asset-24075-768x470.webp 768w, https:\/\/x-lite.com.tr\/wp-content\/uploads\/2023\/11\/Asset-24075-18x12.webp 18w\" sizes=\"(max-width: 1137px) 100vw, 1137px\" \/>\t\t\t\t\t\t\t\t\t\t\t\t\t\t\t<\/div>\n\t\t\t\t<\/div>\n\t\t\t\t\t<\/div>\n\t\t<\/div>\n\t\t\t\t<div class=\"elementor-column elementor-col-50 elementor-top-column elementor-element elementor-element-1a201bf7\" data-id=\"1a201bf7\" data-element_type=\"column\">\n\t\t\t<div class=\"elementor-widget-wrap elementor-element-populated\">\n\t\t\t\t\t\t<div class=\"elementor-element elementor-element-6e6d2b7c elementor-widget elementor-widget-heading\" data-id=\"6e6d2b7c\" data-element_type=\"widget\" data-widget_type=\"heading.default\">\n\t\t\t\t<div class=\"elementor-widget-container\">\n\t\t\t\t\t<h4 class=\"elementor-heading-title elementor-size-default\">Custom Name Lighters<\/h4>\t\t\t\t<\/div>\n\t\t\t\t<\/div>\n\t\t\t\t<div class=\"elementor-element elementor-element-1534130a elementor-widget elementor-widget-text-editor\" data-id=\"1534130a\" data-element_type=\"widget\" data-widget_type=\"text-editor.default\">\n\t\t\t\t<div class=\"elementor-widget-container\">\n\t\t\t\t\t\t\t\t\t<p>Make a lasting impression with our personalized name lighters. Perfect for individual expression or as unique gifts, these lighters blend functionality with personal flair. Ideal for birthdays, anniversaries, corporate gifts, or special occasions, our custom name lighters are more than just a flame; they're a statement.<\/p>\t\t\t\t\t\t\t\t<\/div>\n\t\t\t\t<\/div>\n\t\t\t\t<div class=\"elementor-element elementor-element-932368c elementor-headline--style-rotate elementor-widget elementor-widget-animated-headline\" data-id=\"932368c\" data-element_type=\"widget\" data-settings=\"{&quot;headline_style&quot;:&quot;rotate&quot;,&quot;rotating_text&quot;:&quot;Ali\\nNisa\\nKaan\\nEbru\\nCihan\\nFatma\\nAhmet\\nAy\\u015fe\\nErdal\\nSelin\\nOzan\\nDilek\\nKaz\\u0131m\\nDidem&quot;,&quot;rotate_iteration_delay&quot;:1000,&quot;animation_type&quot;:&quot;typing&quot;,&quot;loop&quot;:&quot;yes&quot;}\" data-widget_type=\"animated-headline.default\">\n\t\t\t\t<div class=\"elementor-widget-container\">\n\t\t\t\t\t\t\t<h3 class=\"elementor-headline elementor-headline-animation-type-typing elementor-headline-letters\">\n\t\t\t\t<span class=\"elementor-headline-dynamic-wrapper elementor-headline-text-wrapper\">\n\t\t\t\t\t<span class=\"elementor-headline-dynamic-text elementor-headline-text-active\">\n\t\t\t\tAli\t\t\t<\/span>\n\t\t\t\t\t<span class=\"elementor-headline-dynamic-text\">\n\t\t\t\tNisa\t\t\t<\/span>\n\t\t\t\t\t<span class=\"elementor-headline-dynamic-text\">\n\t\t\t\tKaan\t\t\t<\/span>\n\t\t\t\t\t<span class=\"elementor-headline-dynamic-text\">\n\t\t\t\tEbru\t\t\t<\/span>\n\t\t\t\t\t<span class=\"elementor-headline-dynamic-text\">\n\t\t\t\tCihan\t\t\t<\/span>\n\t\t\t\t\t<span class=\"elementor-headline-dynamic-text\">\n\t\t\t\tFatma\t\t\t<\/span>\n\t\t\t\t\t<span class=\"elementor-headline-dynamic-text\">\n\t\t\t\tAhmet\t\t\t<\/span>\n\t\t\t\t\t<span class=\"elementor-headline-dynamic-text\">\n\t\t\t\tAy\u015fe\t\t\t<\/span>\n\t\t\t\t\t<span class=\"elementor-headline-dynamic-text\">\n\t\t\t\tErdal\t\t\t<\/span>\n\t\t\t\t\t<span class=\"elementor-headline-dynamic-text\">\n\t\t\t\tSelin\t\t\t<\/span>\n\t\t\t\t\t<span class=\"elementor-headline-dynamic-text\">\n\t\t\t\tOzan\t\t\t<\/span>\n\t\t\t\t\t<span class=\"elementor-headline-dynamic-text\">\n\t\t\t\tDilek\t\t\t<\/span>\n\t\t\t\t\t<span class=\"elementor-headline-dynamic-text\">\n\t\t\t\tKaz\u0131m\t\t\t<\/span>\n\t\t\t\t\t<span class=\"elementor-headline-dynamic-text\">\n\t\t\t\tDidem\t\t\t<\/span>\n\t\t\t\t\t\t<\/span>\n\t\t\t\t<\/h3>\n\t\t\t\t\t\t<\/div>\n\t\t\t\t<\/div>\n\t\t\t\t\t<\/div>\n\t\t<\/div>\n\t\t\t\t\t<\/div>\n\t\t<\/section>\n\t\t\t\t<section class=\"elementor-section elementor-top-section elementor-element elementor-element-2d4e267 elementor-section-boxed elementor-section-height-default elementor-section-height-default\" data-id=\"2d4e267\" data-element_type=\"section\">\n\t\t\t\t\t\t<div class=\"elementor-container elementor-column-gap-default\">\n\t\t\t\t\t<div class=\"elementor-column elementor-col-100 elementor-top-column elementor-element elementor-element-1105061\" data-id=\"1105061\" data-element_type=\"column\">\n\t\t\t<div class=\"elementor-widget-wrap\">\n\t\t\t\t\t\t\t<\/div>\n\t\t<\/div>\n\t\t\t\t\t<\/div>\n\t\t<\/section>\n\t\t\t\t<\/div>","protected":false},"excerpt":{"rendered":"<p>\u0130simli \u00c7akmak Ki\u015fiselle\u015ftirilmi\u015f isim \u00e7akmaklar\u0131m\u0131zla kal\u0131c\u0131 bir izlenim b\u0131rak\u0131n. Bireysel ifade veya benzersiz hediyeler i\u00e7in m\u00fckemmel olan bu \u00e7akmaklar, i\u015flevselli\u011fi ki\u015fisellikle birle\u015ftiriyor. Do\u011fum g\u00fcnleri, y\u0131ld\u00f6n\u00fcmleri, kurumsal hediyeler veya \u00f6zel g\u00fcnler i\u00e7in ideal olan \u00f6zel isimli \u00e7akmaklar\u0131m\u0131z bir alevden \u00e7ok daha fazlas\u0131d\u0131r; onlar bir beyand\u0131r. Ali Nisa Kaan Ebru Cihan Fatma Ahmet Ay\u015fe Erdal Selin Ozan [&hellip;]<\/p>","protected":false},"author":2,"featured_media":0,"parent":0,"menu_order":0,"comment_status":"closed","ping_status":"closed","template":"elementor_header_footer","meta":{"_monsterinsights_skip_tracking":false,"_monsterinsights_sitenote_active":false,"_monsterinsights_sitenote_note":"","_monsterinsights_sitenote_category":0,"footnotes":""},"class_list":["post-1750","page","type-page","status-publish","hentry"],"yoast_head":"<!-- This site is optimized with the Yoast SEO plugin v25.8 - https:\/\/yoast.com\/wordpress\/plugins\/seo\/ -->\n<title>\u0130simli \u00c7akmak - X-Lite \u00c7akmak<\/title>\n<meta name=\"robots\" content=\"index, follow, max-snippet:-1, max-image-preview:large, max-video-preview:-1\" \/>\n<link rel=\"canonical\" href=\"https:\/\/x-lite.com.tr\/en\/isimli-cakmak\/\" \/>\n<meta property=\"og:locale\" content=\"en_GB\" \/>\n<meta property=\"og:type\" content=\"article\" \/>\n<meta property=\"og:title\" content=\"\u0130simli \u00c7akmak - X-Lite \u00c7akmak\" \/>\n<meta property=\"og:description\" content=\"\u0130simli \u00c7akmak Ki\u015fiselle\u015ftirilmi\u015f isim \u00e7akmaklar\u0131m\u0131zla kal\u0131c\u0131 bir izlenim b\u0131rak\u0131n. Bireysel ifade veya benzersiz hediyeler i\u00e7in m\u00fckemmel olan bu \u00e7akmaklar, i\u015flevselli\u011fi ki\u015fisellikle birle\u015ftiriyor. Do\u011fum g\u00fcnleri, y\u0131ld\u00f6n\u00fcmleri, kurumsal hediyeler veya \u00f6zel g\u00fcnler i\u00e7in ideal olan \u00f6zel isimli \u00e7akmaklar\u0131m\u0131z bir alevden \u00e7ok daha fazlas\u0131d\u0131r; onlar bir beyand\u0131r. Ali Nisa Kaan Ebru Cihan Fatma Ahmet Ay\u015fe Erdal Selin Ozan [&hellip;]\" \/>\n<meta property=\"og:url\" content=\"https:\/\/x-lite.com.tr\/en\/isimli-cakmak\/\" \/>\n<meta property=\"og:site_name\" content=\"X-Lite \u00c7akmak\" \/>\n<meta property=\"article:modified_time\" content=\"2023-11-12T12:55:42+00:00\" \/>\n<meta property=\"og:image\" content=\"https:\/\/x-lite.com.tr\/wp-content\/uploads\/2023\/11\/Asset-24075.webp\" \/>\n<meta name=\"twitter:card\" content=\"summary_large_image\" \/>\n<meta name=\"twitter:label1\" content=\"Estimated reading time\" \/>\n\t<meta name=\"twitter:data1\" content=\"1 minute\" \/>\n<script type=\"application\/ld+json\" class=\"yoast-schema-graph\">{\"@context\":\"https:\/\/schema.org\",\"@graph\":[{\"@type\":\"WebPage\",\"@id\":\"https:\/\/x-lite.com.tr\/isimli-cakmak\/\",\"url\":\"https:\/\/x-lite.com.tr\/isimli-cakmak\/\",\"name\":\"\u0130simli \u00c7akmak - X-Lite \u00c7akmak\",\"isPartOf\":{\"@id\":\"https:\/\/x-lite.com.tr\/#website\"},\"primaryImageOfPage\":{\"@id\":\"https:\/\/x-lite.com.tr\/isimli-cakmak\/#primaryimage\"},\"image\":{\"@id\":\"https:\/\/x-lite.com.tr\/isimli-cakmak\/#primaryimage\"},\"thumbnailUrl\":\"https:\/\/x-lite.com.tr\/wp-content\/uploads\/2023\/11\/Asset-24075.webp\",\"datePublished\":\"2023-11-10T11:20:08+00:00\",\"dateModified\":\"2023-11-12T12:55:42+00:00\",\"breadcrumb\":{\"@id\":\"https:\/\/x-lite.com.tr\/isimli-cakmak\/#breadcrumb\"},\"inLanguage\":\"en-GB\",\"potentialAction\":[{\"@type\":\"ReadAction\",\"target\":[\"https:\/\/x-lite.com.tr\/isimli-cakmak\/\"]}]},{\"@type\":\"ImageObject\",\"inLanguage\":\"en-GB\",\"@id\":\"https:\/\/x-lite.com.tr\/isimli-cakmak\/#primaryimage\",\"url\":\"https:\/\/x-lite.com.tr\/wp-content\/uploads\/2023\/11\/Asset-24075.webp\",\"contentUrl\":\"https:\/\/x-lite.com.tr\/wp-content\/uploads\/2023\/11\/Asset-24075.webp\"},{\"@type\":\"BreadcrumbList\",\"@id\":\"https:\/\/x-lite.com.tr\/isimli-cakmak\/#breadcrumb\",\"itemListElement\":[{\"@type\":\"ListItem\",\"position\":1,\"name\":\"Anasayfa\",\"item\":\"https:\/\/x-lite.com.tr\/\"},{\"@type\":\"ListItem\",\"position\":2,\"name\":\"\u0130simli \u00c7akmak\"}]},{\"@type\":\"WebSite\",\"@id\":\"https:\/\/x-lite.com.tr\/#website\",\"url\":\"https:\/\/x-lite.com.tr\/\",\"name\":\"X-Lite \u00c7akmak\",\"description\":\"T\u00fcrkiye&#039;nin En G\u00fcvenilir \u00c7akmak \u00dcreticisi\",\"publisher\":{\"@id\":\"https:\/\/x-lite.com.tr\/#organization\"},\"potentialAction\":[{\"@type\":\"SearchAction\",\"target\":{\"@type\":\"EntryPoint\",\"urlTemplate\":\"https:\/\/x-lite.com.tr\/?s={search_term_string}\"},\"query-input\":{\"@type\":\"PropertyValueSpecification\",\"valueRequired\":true,\"valueName\":\"search_term_string\"}}],\"inLanguage\":\"en-GB\"},{\"@type\":\"Organization\",\"@id\":\"https:\/\/x-lite.com.tr\/#organization\",\"name\":\"X-Lite Lighters\",\"url\":\"https:\/\/x-lite.com.tr\/\",\"logo\":{\"@type\":\"ImageObject\",\"inLanguage\":\"en-GB\",\"@id\":\"https:\/\/x-lite.com.tr\/#\/schema\/logo\/image\/\",\"url\":\"https:\/\/x-lite.com.tr\/wp-content\/uploads\/2021\/09\/x-lite-logo.png\",\"contentUrl\":\"https:\/\/x-lite.com.tr\/wp-content\/uploads\/2021\/09\/x-lite-logo.png\",\"width\":383,\"height\":216,\"caption\":\"X-Lite Lighters\"},\"image\":{\"@id\":\"https:\/\/x-lite.com.tr\/#\/schema\/logo\/image\/\"},\"sameAs\":[\"https:\/\/www.instagram.com\/_x.lite_\/\"]}]}<\/script>\n<!-- \/ Yoast SEO plugin. -->","yoast_head_json":{"title":"\u0130simli \u00c7akmak - X-Lite \u00c7akmak","robots":{"index":"index","follow":"follow","max-snippet":"max-snippet:-1","max-image-preview":"max-image-preview:large","max-video-preview":"max-video-preview:-1"},"canonical":"https:\/\/x-lite.com.tr\/en\/isimli-cakmak\/","og_locale":"en_GB","og_type":"article","og_title":"\u0130simli \u00c7akmak - X-Lite \u00c7akmak","og_description":"\u0130simli \u00c7akmak Ki\u015fiselle\u015ftirilmi\u015f isim \u00e7akmaklar\u0131m\u0131zla kal\u0131c\u0131 bir izlenim b\u0131rak\u0131n. Bireysel ifade veya benzersiz hediyeler i\u00e7in m\u00fckemmel olan bu \u00e7akmaklar, i\u015flevselli\u011fi ki\u015fisellikle birle\u015ftiriyor. Do\u011fum g\u00fcnleri, y\u0131ld\u00f6n\u00fcmleri, kurumsal hediyeler veya \u00f6zel g\u00fcnler i\u00e7in ideal olan \u00f6zel isimli \u00e7akmaklar\u0131m\u0131z bir alevden \u00e7ok daha fazlas\u0131d\u0131r; onlar bir beyand\u0131r. Ali Nisa Kaan Ebru Cihan Fatma Ahmet Ay\u015fe Erdal Selin Ozan [&hellip;]","og_url":"https:\/\/x-lite.com.tr\/en\/isimli-cakmak\/","og_site_name":"X-Lite \u00c7akmak","article_modified_time":"2023-11-12T12:55:42+00:00","og_image":[{"url":"https:\/\/x-lite.com.tr\/wp-content\/uploads\/2023\/11\/Asset-24075.webp","type":"","width":"","height":""}],"twitter_card":"summary_large_image","twitter_misc":{"Estimated reading time":"1 minute"},"schema":{"@context":"https:\/\/schema.org","@graph":[{"@type":"WebPage","@id":"https:\/\/x-lite.com.tr\/isimli-cakmak\/","url":"https:\/\/x-lite.com.tr\/isimli-cakmak\/","name":"\u0130simli \u00c7akmak - X-Lite \u00c7akmak","isPartOf":{"@id":"https:\/\/x-lite.com.tr\/#website"},"primaryImageOfPage":{"@id":"https:\/\/x-lite.com.tr\/isimli-cakmak\/#primaryimage"},"image":{"@id":"https:\/\/x-lite.com.tr\/isimli-cakmak\/#primaryimage"},"thumbnailUrl":"https:\/\/x-lite.com.tr\/wp-content\/uploads\/2023\/11\/Asset-24075.webp","datePublished":"2023-11-10T11:20:08+00:00","dateModified":"2023-11-12T12:55:42+00:00","breadcrumb":{"@id":"https:\/\/x-lite.com.tr\/isimli-cakmak\/#breadcrumb"},"inLanguage":"en-GB","potentialAction":[{"@type":"ReadAction","target":["https:\/\/x-lite.com.tr\/isimli-cakmak\/"]}]},{"@type":"ImageObject","inLanguage":"en-GB","@id":"https:\/\/x-lite.com.tr\/isimli-cakmak\/#primaryimage","url":"https:\/\/x-lite.com.tr\/wp-content\/uploads\/2023\/11\/Asset-24075.webp","contentUrl":"https:\/\/x-lite.com.tr\/wp-content\/uploads\/2023\/11\/Asset-24075.webp"},{"@type":"BreadcrumbList","@id":"https:\/\/x-lite.com.tr\/isimli-cakmak\/#breadcrumb","itemListElement":[{"@type":"ListItem","position":1,"name":"Anasayfa","item":"https:\/\/x-lite.com.tr\/"},{"@type":"ListItem","position":2,"name":"\u0130simli \u00c7akmak"}]},{"@type":"WebSite","@id":"https:\/\/x-lite.com.tr\/#website","url":"https:\/\/x-lite.com.tr\/","name":"X-Lite \u00c7akmak","description":"T\u00fcrkiye&#039;nin En G\u00fcvenilir \u00c7akmak \u00dcreticisi","publisher":{"@id":"https:\/\/x-lite.com.tr\/#organization"},"potentialAction":[{"@type":"SearchAction","target":{"@type":"EntryPoint","urlTemplate":"https:\/\/x-lite.com.tr\/?s={search_term_string}"},"query-input":{"@type":"PropertyValueSpecification","valueRequired":true,"valueName":"search_term_string"}}],"inLanguage":"en-GB"},{"@type":"Organization","@id":"https:\/\/x-lite.com.tr\/#organization","name":"X-Lite Lighters","url":"https:\/\/x-lite.com.tr\/","logo":{"@type":"ImageObject","inLanguage":"en-GB","@id":"https:\/\/x-lite.com.tr\/#\/schema\/logo\/image\/","url":"https:\/\/x-lite.com.tr\/wp-content\/uploads\/2021\/09\/x-lite-logo.png","contentUrl":"https:\/\/x-lite.com.tr\/wp-content\/uploads\/2021\/09\/x-lite-logo.png","width":383,"height":216,"caption":"X-Lite Lighters"},"image":{"@id":"https:\/\/x-lite.com.tr\/#\/schema\/logo\/image\/"},"sameAs":["https:\/\/www.instagram.com\/_x.lite_\/"]}]}},"_links":{"self":[{"href":"https:\/\/x-lite.com.tr\/en\/wp-json\/wp\/v2\/pages\/1750","targetHints":{"allow":["GET"]}}],"collection":[{"href":"https:\/\/x-lite.com.tr\/en\/wp-json\/wp\/v2\/pages"}],"about":[{"href":"https:\/\/x-lite.com.tr\/en\/wp-json\/wp\/v2\/types\/page"}],"author":[{"embeddable":true,"href":"https:\/\/x-lite.com.tr\/en\/wp-json\/wp\/v2\/users\/2"}],"replies":[{"embeddable":true,"href":"https:\/\/x-lite.com.tr\/en\/wp-json\/wp\/v2\/comments?post=1750"}],"version-history":[{"count":0,"href":"https:\/\/x-lite.com.tr\/en\/wp-json\/wp\/v2\/pages\/1750\/revisions"}],"wp:attachment":[{"href":"https:\/\/x-lite.com.tr\/en\/wp-json\/wp\/v2\/media?parent=1750"}],"curies":[{"name":"wp","href":"https:\/\/api.w.org\/{rel}","templated":true}]}}