 {"id":2382,"date":"2023-12-19T19:30:29","date_gmt":"2023-12-19T16:30:29","guid":{"rendered":"https:\/\/x-lite.com.tr\/?page_id=2382"},"modified":"2025-06-25T15:24:38","modified_gmt":"2025-06-25T12:24:38","slug":"haberler","status":"publish","type":"page","link":"https:\/\/x-lite.com.tr\/en\/haberler\/","title":{"rendered":"News"},"content":{"rendered":"<div data-elementor-type=\"wp-page\" data-elementor-id=\"2382\" class=\"elementor elementor-2382\" data-elementor-post-type=\"page\">\n\t\t\t\t\t\t<section class=\"elementor-section elementor-top-section elementor-element elementor-element-213766c9 elementor-section-content-middle elementor-section-boxed elementor-section-height-default elementor-section-height-default\" data-id=\"213766c9\" data-element_type=\"section\" data-settings=\"{&quot;motion_fx_motion_fx_scrolling&quot;:&quot;yes&quot;,&quot;motion_fx_devices&quot;:[&quot;desktop&quot;,&quot;tablet&quot;,&quot;mobile&quot;]}\">\n\t\t\t\t\t\t<div class=\"elementor-container elementor-column-gap-no\">\n\t\t\t\t\t<div class=\"elementor-column elementor-col-50 elementor-top-column elementor-element elementor-element-5d15cda4\" data-id=\"5d15cda4\" data-element_type=\"column\">\n\t\t\t<div class=\"elementor-widget-wrap elementor-element-populated\">\n\t\t\t\t\t\t<div class=\"elementor-element elementor-element-2805ed63 elementor-widget elementor-widget-image\" data-id=\"2805ed63\" data-element_type=\"widget\" data-widget_type=\"image.default\">\n\t\t\t\t<div class=\"elementor-widget-container\">\n\t\t\t\t\t\t\t\t\t\t\t\t\t\t\t<img fetchpriority=\"high\" decoding=\"async\" width=\"857\" height=\"819\" src=\"https:\/\/x-lite.com.tr\/wp-content\/uploads\/2023\/12\/x-lite-flamingo-lifestyle.jpg\" class=\"attachment-full size-full wp-image-2386\" alt=\"\" srcset=\"https:\/\/x-lite.com.tr\/wp-content\/uploads\/2023\/12\/x-lite-flamingo-lifestyle.jpg 857w, https:\/\/x-lite.com.tr\/wp-content\/uploads\/2023\/12\/x-lite-flamingo-lifestyle-300x287.jpg 300w, https:\/\/x-lite.com.tr\/wp-content\/uploads\/2023\/12\/x-lite-flamingo-lifestyle-768x734.jpg 768w, https:\/\/x-lite.com.tr\/wp-content\/uploads\/2023\/12\/x-lite-flamingo-lifestyle-13x12.jpg 13w, https:\/\/x-lite.com.tr\/wp-content\/uploads\/2023\/12\/x-lite-flamingo-lifestyle-600x573.jpg 600w\" sizes=\"(max-width: 857px) 100vw, 857px\" \/>\t\t\t\t\t\t\t\t\t\t\t\t\t\t\t<\/div>\n\t\t\t\t<\/div>\n\t\t\t\t<div class=\"elementor-element elementor-element-55822029 elementor-widget__width-initial elementor-widget-tablet__width-initial elementor-widget elementor-widget-spacer\" data-id=\"55822029\" data-element_type=\"widget\" data-widget_type=\"spacer.default\">\n\t\t\t\t<div class=\"elementor-widget-container\">\n\t\t\t\t\t\t\t<div class=\"elementor-spacer\">\n\t\t\t<div class=\"elementor-spacer-inner\"><\/div>\n\t\t<\/div>\n\t\t\t\t\t\t<\/div>\n\t\t\t\t<\/div>\n\t\t\t\t\t<\/div>\n\t\t<\/div>\n\t\t\t\t<div class=\"elementor-column elementor-col-50 elementor-top-column elementor-element elementor-element-4785375d\" data-id=\"4785375d\" data-element_type=\"column\">\n\t\t\t<div class=\"elementor-widget-wrap elementor-element-populated\">\n\t\t\t\t\t\t<section class=\"elementor-section elementor-inner-section elementor-element elementor-element-504a10a7 elementor-section-full_width elementor-section-height-default elementor-section-height-default\" data-id=\"504a10a7\" data-element_type=\"section\">\n\t\t\t\t\t\t<div class=\"elementor-container elementor-column-gap-no\">\n\t\t\t\t\t<div class=\"elementor-column elementor-col-100 elementor-inner-column elementor-element elementor-element-50baf970\" data-id=\"50baf970\" data-element_type=\"column\">\n\t\t\t<div class=\"elementor-widget-wrap elementor-element-populated\">\n\t\t\t\t\t\t<div class=\"elementor-element elementor-element-51c08fc0 elementor-widget elementor-widget-heading\" data-id=\"51c08fc0\" data-element_type=\"widget\" data-widget_type=\"heading.default\">\n\t\t\t\t<div class=\"elementor-widget-container\">\n\t\t\t\t\t<h2 class=\"elementor-heading-title elementor-size-default\">News from X-Lite<\/h2>\t\t\t\t<\/div>\n\t\t\t\t<\/div>\n\t\t\t\t\t<\/div>\n\t\t<\/div>\n\t\t\t\t\t<\/div>\n\t\t<\/section>\n\t\t\t\t\t<\/div>\n\t\t<\/div>\n\t\t\t\t\t<\/div>\n\t\t<\/section>\n\t\t\t\t<section class=\"elementor-section elementor-top-section elementor-element elementor-element-3b1d8d59 elementor-section-boxed elementor-section-height-default elementor-section-height-default\" data-id=\"3b1d8d59\" data-element_type=\"section\" data-settings=\"{&quot;motion_fx_motion_fx_scrolling&quot;:&quot;yes&quot;,&quot;motion_fx_devices&quot;:[&quot;desktop&quot;,&quot;tablet&quot;,&quot;mobile&quot;]}\">\n\t\t\t\t\t\t<div class=\"elementor-container elementor-column-gap-no\">\n\t\t\t\t\t<div class=\"elementor-column elementor-col-100 elementor-top-column elementor-element elementor-element-70aa6f1f\" data-id=\"70aa6f1f\" data-element_type=\"column\">\n\t\t\t<div class=\"elementor-widget-wrap elementor-element-populated\">\n\t\t\t\t\t\t<div class=\"elementor-element elementor-element-1d95e22 elementor-posts__hover-none elementor-grid-3 elementor-grid-tablet-2 elementor-grid-mobile-1 elementor-posts--thumbnail-top elementor-widget elementor-widget-posts\" data-id=\"1d95e22\" data-element_type=\"widget\" data-settings=\"{&quot;cards_row_gap&quot;:{&quot;unit&quot;:&quot;px&quot;,&quot;size&quot;:&quot;60&quot;,&quot;sizes&quot;:[]},&quot;cards_columns&quot;:&quot;3&quot;,&quot;cards_columns_tablet&quot;:&quot;2&quot;,&quot;cards_columns_mobile&quot;:&quot;1&quot;,&quot;cards_row_gap_tablet&quot;:{&quot;unit&quot;:&quot;px&quot;,&quot;size&quot;:&quot;&quot;,&quot;sizes&quot;:[]},&quot;cards_row_gap_mobile&quot;:{&quot;unit&quot;:&quot;px&quot;,&quot;size&quot;:&quot;&quot;,&quot;sizes&quot;:[]}}\" data-widget_type=\"posts.cards\">\n\t\t\t\t<div class=\"elementor-widget-container\">\n\t\t\t\t\t\t\t<div class=\"elementor-posts-container elementor-posts elementor-posts--skin-cards elementor-grid\">\n\t\t\t\t<article class=\"elementor-post elementor-grid-item post-1 post type-post status-publish format-standard has-post-thumbnail hentry category-genel tag-promosyon-cakmak\">\n\t\t\t<div class=\"elementor-post__card\">\n\t\t\t\t<a class=\"elementor-post__thumbnail__link\" href=\"https:\/\/x-lite.com.tr\/en\/promosyon-cakmak\/\" tabindex=\"-1\" ><div class=\"elementor-post__thumbnail\"><img decoding=\"async\" width=\"1201\" height=\"801\" src=\"https:\/\/x-lite.com.tr\/wp-content\/uploads\/2021\/09\/x-lite-promosyon-cakmak.webp\" class=\"attachment-full size-full wp-image-2396\" alt=\"\" srcset=\"https:\/\/x-lite.com.tr\/wp-content\/uploads\/2021\/09\/x-lite-promosyon-cakmak.webp 1201w, https:\/\/x-lite.com.tr\/wp-content\/uploads\/2021\/09\/x-lite-promosyon-cakmak-300x200.webp 300w, https:\/\/x-lite.com.tr\/wp-content\/uploads\/2021\/09\/x-lite-promosyon-cakmak-1024x683.webp 1024w, https:\/\/x-lite.com.tr\/wp-content\/uploads\/2021\/09\/x-lite-promosyon-cakmak-768x512.webp 768w, https:\/\/x-lite.com.tr\/wp-content\/uploads\/2021\/09\/x-lite-promosyon-cakmak-18x12.webp 18w, https:\/\/x-lite.com.tr\/wp-content\/uploads\/2021\/09\/x-lite-promosyon-cakmak-600x400.webp 600w\" sizes=\"(max-width: 1201px) 100vw, 1201px\" \/><\/div><\/a>\n\t\t\t\t<div class=\"elementor-post__badge\">Promotional Lighter<\/div>\n\t\t\t\t<div class=\"elementor-post__text\">\n\t\t\t\t<h3 class=\"elementor-post__title\">\n\t\t\t<a href=\"https:\/\/x-lite.com.tr\/en\/promosyon-cakmak\/\" >\n\t\t\t\tIgnite Your Brand's Potential with Custom Promotional Lighters\t\t\t<\/a>\n\t\t<\/h3>\n\t\t\t\t<\/div>\n\t\t\t\t\t<\/div>\n\t\t<\/article>\n\t\t\t\t<article class=\"elementor-post elementor-grid-item post-2357 post type-post status-publish format-standard has-post-thumbnail hentry category-genel tag-elektronik-cakmak\">\n\t\t\t<div class=\"elementor-post__card\">\n\t\t\t\t<a class=\"elementor-post__thumbnail__link\" href=\"https:\/\/x-lite.com.tr\/en\/cakmaklarin-gelecegini-kesfedin-x-lite-elektronik-cakmaklari\/\" tabindex=\"-1\" ><div class=\"elementor-post__thumbnail\"><img decoding=\"async\" width=\"1444\" height=\"964\" src=\"https:\/\/x-lite.com.tr\/wp-content\/uploads\/2023\/12\/x-lite-toptan-cakmak.webp\" class=\"attachment-full size-full wp-image-2394\" alt=\"\" srcset=\"https:\/\/x-lite.com.tr\/wp-content\/uploads\/2023\/12\/x-lite-toptan-cakmak.webp 1444w, https:\/\/x-lite.com.tr\/wp-content\/uploads\/2023\/12\/x-lite-toptan-cakmak-300x200.webp 300w, https:\/\/x-lite.com.tr\/wp-content\/uploads\/2023\/12\/x-lite-toptan-cakmak-1024x684.webp 1024w, https:\/\/x-lite.com.tr\/wp-content\/uploads\/2023\/12\/x-lite-toptan-cakmak-768x513.webp 768w, https:\/\/x-lite.com.tr\/wp-content\/uploads\/2023\/12\/x-lite-toptan-cakmak-18x12.webp 18w, https:\/\/x-lite.com.tr\/wp-content\/uploads\/2023\/12\/x-lite-toptan-cakmak-600x401.webp 600w\" sizes=\"(max-width: 1444px) 100vw, 1444px\" \/><\/div><\/a>\n\t\t\t\t<div class=\"elementor-post__badge\">Electronic Lighter<\/div>\n\t\t\t\t<div class=\"elementor-post__text\">\n\t\t\t\t<h3 class=\"elementor-post__title\">\n\t\t\t<a href=\"https:\/\/x-lite.com.tr\/en\/cakmaklarin-gelecegini-kesfedin-x-lite-elektronik-cakmaklari\/\" >\n\t\t\t\tDiscover the Future of Lighters: X-Lite's Electronic Lighters\t\t\t<\/a>\n\t\t<\/h3>\n\t\t\t\t<\/div>\n\t\t\t\t\t<\/div>\n\t\t<\/article>\n\t\t\t\t<\/div>\n\t\t\n\t\t\t\t\t\t<\/div>\n\t\t\t\t<\/div>\n\t\t\t\t\t<\/div>\n\t\t<\/div>\n\t\t\t\t\t<\/div>\n\t\t<\/section>\n\t\t\t\t<\/div>","protected":false},"excerpt":{"rendered":"<p>X-Lite&#8217;dan Haberler<\/p>","protected":false},"author":2,"featured_media":0,"parent":0,"menu_order":0,"comment_status":"closed","ping_status":"closed","template":"","meta":{"_monsterinsights_skip_tracking":false,"_monsterinsights_sitenote_active":false,"_monsterinsights_sitenote_note":"","_monsterinsights_sitenote_category":0,"footnotes":""},"class_list":["post-2382","page","type-page","status-publish","hentry"],"yoast_head":"<!-- This site is optimized with the Yoast SEO plugin v25.8 - https:\/\/yoast.com\/wordpress\/plugins\/seo\/ -->\n<title>Haberler - X-Lite \u00c7akmak<\/title>\n<meta name=\"robots\" content=\"index, follow, max-snippet:-1, max-image-preview:large, max-video-preview:-1\" \/>\n<link rel=\"canonical\" href=\"https:\/\/x-lite.com.tr\/en\/haberler\/\" \/>\n<meta property=\"og:locale\" content=\"en_GB\" \/>\n<meta property=\"og:type\" content=\"article\" \/>\n<meta property=\"og:title\" content=\"Haberler - X-Lite \u00c7akmak\" \/>\n<meta property=\"og:description\" content=\"X-Lite&#8217;dan Haberler\" \/>\n<meta property=\"og:url\" content=\"https:\/\/x-lite.com.tr\/en\/haberler\/\" \/>\n<meta property=\"og:site_name\" content=\"X-Lite \u00c7akmak\" \/>\n<meta property=\"article:modified_time\" content=\"2025-06-25T12:24:38+00:00\" \/>\n<meta property=\"og:image\" content=\"https:\/\/x-lite.com.tr\/wp-content\/uploads\/2023\/12\/x-lite-flamingo-lifestyle.jpg\" \/>\n\t<meta property=\"og:image:width\" content=\"857\" \/>\n\t<meta property=\"og:image:height\" content=\"819\" \/>\n\t<meta property=\"og:image:type\" content=\"image\/jpeg\" \/>\n<meta name=\"twitter:card\" content=\"summary_large_image\" \/>\n<meta name=\"twitter:label1\" content=\"Estimated reading time\" \/>\n\t<meta name=\"twitter:data1\" content=\"1 minute\" \/>\n<script type=\"application\/ld+json\" class=\"yoast-schema-graph\">{\"@context\":\"https:\/\/schema.org\",\"@graph\":[{\"@type\":\"WebPage\",\"@id\":\"https:\/\/x-lite.com.tr\/haberler\/\",\"url\":\"https:\/\/x-lite.com.tr\/haberler\/\",\"name\":\"Haberler - X-Lite \u00c7akmak\",\"isPartOf\":{\"@id\":\"https:\/\/x-lite.com.tr\/#website\"},\"primaryImageOfPage\":{\"@id\":\"https:\/\/x-lite.com.tr\/haberler\/#primaryimage\"},\"image\":{\"@id\":\"https:\/\/x-lite.com.tr\/haberler\/#primaryimage\"},\"thumbnailUrl\":\"https:\/\/x-lite.com.tr\/wp-content\/uploads\/2023\/12\/x-lite-flamingo-lifestyle.jpg\",\"datePublished\":\"2023-12-19T16:30:29+00:00\",\"dateModified\":\"2025-06-25T12:24:38+00:00\",\"breadcrumb\":{\"@id\":\"https:\/\/x-lite.com.tr\/haberler\/#breadcrumb\"},\"inLanguage\":\"en-GB\",\"potentialAction\":[{\"@type\":\"ReadAction\",\"target\":[\"https:\/\/x-lite.com.tr\/haberler\/\"]}]},{\"@type\":\"ImageObject\",\"inLanguage\":\"en-GB\",\"@id\":\"https:\/\/x-lite.com.tr\/haberler\/#primaryimage\",\"url\":\"https:\/\/x-lite.com.tr\/wp-content\/uploads\/2023\/12\/x-lite-flamingo-lifestyle.jpg\",\"contentUrl\":\"https:\/\/x-lite.com.tr\/wp-content\/uploads\/2023\/12\/x-lite-flamingo-lifestyle.jpg\"},{\"@type\":\"BreadcrumbList\",\"@id\":\"https:\/\/x-lite.com.tr\/haberler\/#breadcrumb\",\"itemListElement\":[{\"@type\":\"ListItem\",\"position\":1,\"name\":\"Anasayfa\",\"item\":\"https:\/\/x-lite.com.tr\/\"},{\"@type\":\"ListItem\",\"position\":2,\"name\":\"Haberler\"}]},{\"@type\":\"WebSite\",\"@id\":\"https:\/\/x-lite.com.tr\/#website\",\"url\":\"https:\/\/x-lite.com.tr\/\",\"name\":\"X-Lite \u00c7akmak\",\"description\":\"T\u00fcrkiye&#039;nin En G\u00fcvenilir \u00c7akmak \u00dcreticisi\",\"publisher\":{\"@id\":\"https:\/\/x-lite.com.tr\/#organization\"},\"potentialAction\":[{\"@type\":\"SearchAction\",\"target\":{\"@type\":\"EntryPoint\",\"urlTemplate\":\"https:\/\/x-lite.com.tr\/?s={search_term_string}\"},\"query-input\":{\"@type\":\"PropertyValueSpecification\",\"valueRequired\":true,\"valueName\":\"search_term_string\"}}],\"inLanguage\":\"en-GB\"},{\"@type\":\"Organization\",\"@id\":\"https:\/\/x-lite.com.tr\/#organization\",\"name\":\"X-Lite Lighters\",\"url\":\"https:\/\/x-lite.com.tr\/\",\"logo\":{\"@type\":\"ImageObject\",\"inLanguage\":\"en-GB\",\"@id\":\"https:\/\/x-lite.com.tr\/#\/schema\/logo\/image\/\",\"url\":\"https:\/\/x-lite.com.tr\/wp-content\/uploads\/2021\/09\/x-lite-logo.png\",\"contentUrl\":\"https:\/\/x-lite.com.tr\/wp-content\/uploads\/2021\/09\/x-lite-logo.png\",\"width\":383,\"height\":216,\"caption\":\"X-Lite Lighters\"},\"image\":{\"@id\":\"https:\/\/x-lite.com.tr\/#\/schema\/logo\/image\/\"},\"sameAs\":[\"https:\/\/www.instagram.com\/_x.lite_\/\"]}]}<\/script>\n<!-- \/ Yoast SEO plugin. -->","yoast_head_json":{"title":"Haberler - X-Lite \u00c7akmak","robots":{"index":"index","follow":"follow","max-snippet":"max-snippet:-1","max-image-preview":"max-image-preview:large","max-video-preview":"max-video-preview:-1"},"canonical":"https:\/\/x-lite.com.tr\/en\/haberler\/","og_locale":"en_GB","og_type":"article","og_title":"Haberler - X-Lite \u00c7akmak","og_description":"X-Lite&#8217;dan Haberler","og_url":"https:\/\/x-lite.com.tr\/en\/haberler\/","og_site_name":"X-Lite \u00c7akmak","article_modified_time":"2025-06-25T12:24:38+00:00","og_image":[{"width":857,"height":819,"url":"https:\/\/x-lite.com.tr\/wp-content\/uploads\/2023\/12\/x-lite-flamingo-lifestyle.jpg","type":"image\/jpeg"}],"twitter_card":"summary_large_image","twitter_misc":{"Estimated reading time":"1 minute"},"schema":{"@context":"https:\/\/schema.org","@graph":[{"@type":"WebPage","@id":"https:\/\/x-lite.com.tr\/haberler\/","url":"https:\/\/x-lite.com.tr\/haberler\/","name":"Haberler - X-Lite \u00c7akmak","isPartOf":{"@id":"https:\/\/x-lite.com.tr\/#website"},"primaryImageOfPage":{"@id":"https:\/\/x-lite.com.tr\/haberler\/#primaryimage"},"image":{"@id":"https:\/\/x-lite.com.tr\/haberler\/#primaryimage"},"thumbnailUrl":"https:\/\/x-lite.com.tr\/wp-content\/uploads\/2023\/12\/x-lite-flamingo-lifestyle.jpg","datePublished":"2023-12-19T16:30:29+00:00","dateModified":"2025-06-25T12:24:38+00:00","breadcrumb":{"@id":"https:\/\/x-lite.com.tr\/haberler\/#breadcrumb"},"inLanguage":"en-GB","potentialAction":[{"@type":"ReadAction","target":["https:\/\/x-lite.com.tr\/haberler\/"]}]},{"@type":"ImageObject","inLanguage":"en-GB","@id":"https:\/\/x-lite.com.tr\/haberler\/#primaryimage","url":"https:\/\/x-lite.com.tr\/wp-content\/uploads\/2023\/12\/x-lite-flamingo-lifestyle.jpg","contentUrl":"https:\/\/x-lite.com.tr\/wp-content\/uploads\/2023\/12\/x-lite-flamingo-lifestyle.jpg"},{"@type":"BreadcrumbList","@id":"https:\/\/x-lite.com.tr\/haberler\/#breadcrumb","itemListElement":[{"@type":"ListItem","position":1,"name":"Anasayfa","item":"https:\/\/x-lite.com.tr\/"},{"@type":"ListItem","position":2,"name":"Haberler"}]},{"@type":"WebSite","@id":"https:\/\/x-lite.com.tr\/#website","url":"https:\/\/x-lite.com.tr\/","name":"X-Lite \u00c7akmak","description":"T\u00fcrkiye&#039;nin En G\u00fcvenilir \u00c7akmak \u00dcreticisi","publisher":{"@id":"https:\/\/x-lite.com.tr\/#organization"},"potentialAction":[{"@type":"SearchAction","target":{"@type":"EntryPoint","urlTemplate":"https:\/\/x-lite.com.tr\/?s={search_term_string}"},"query-input":{"@type":"PropertyValueSpecification","valueRequired":true,"valueName":"search_term_string"}}],"inLanguage":"en-GB"},{"@type":"Organization","@id":"https:\/\/x-lite.com.tr\/#organization","name":"X-Lite Lighters","url":"https:\/\/x-lite.com.tr\/","logo":{"@type":"ImageObject","inLanguage":"en-GB","@id":"https:\/\/x-lite.com.tr\/#\/schema\/logo\/image\/","url":"https:\/\/x-lite.com.tr\/wp-content\/uploads\/2021\/09\/x-lite-logo.png","contentUrl":"https:\/\/x-lite.com.tr\/wp-content\/uploads\/2021\/09\/x-lite-logo.png","width":383,"height":216,"caption":"X-Lite Lighters"},"image":{"@id":"https:\/\/x-lite.com.tr\/#\/schema\/logo\/image\/"},"sameAs":["https:\/\/www.instagram.com\/_x.lite_\/"]}]}},"_links":{"self":[{"href":"https:\/\/x-lite.com.tr\/en\/wp-json\/wp\/v2\/pages\/2382","targetHints":{"allow":["GET"]}}],"collection":[{"href":"https:\/\/x-lite.com.tr\/en\/wp-json\/wp\/v2\/pages"}],"about":[{"href":"https:\/\/x-lite.com.tr\/en\/wp-json\/wp\/v2\/types\/page"}],"author":[{"embeddable":true,"href":"https:\/\/x-lite.com.tr\/en\/wp-json\/wp\/v2\/users\/2"}],"replies":[{"embeddable":true,"href":"https:\/\/x-lite.com.tr\/en\/wp-json\/wp\/v2\/comments?post=2382"}],"version-history":[{"count":9,"href":"https:\/\/x-lite.com.tr\/en\/wp-json\/wp\/v2\/pages\/2382\/revisions"}],"predecessor-version":[{"id":2725,"href":"https:\/\/x-lite.com.tr\/en\/wp-json\/wp\/v2\/pages\/2382\/revisions\/2725"}],"wp:attachment":[{"href":"https:\/\/x-lite.com.tr\/en\/wp-json\/wp\/v2\/media?parent=2382"}],"curies":[{"name":"wp","href":"https:\/\/api.w.org\/{rel}","templated":true}]}}