 {"id":2979,"date":"2025-10-01T20:25:01","date_gmt":"2025-10-01T17:25:01","guid":{"rendered":"https:\/\/x-lite.com.tr\/?page_id=2979"},"modified":"2025-10-01T20:25:17","modified_gmt":"2025-10-01T17:25:17","slug":"tasarla","status":"publish","type":"page","link":"https:\/\/x-lite.com.tr\/en\/tasarla\/","title":{"rendered":"Promosyon \u00c7akmak Tasarla"},"content":{"rendered":"<!-- Fix Safari iPhone WhatsApp URL detection -->\n<meta name=\"format-detection\" content=\"telephone=no\">\n\n<div id=\"lighter-designer-container\">\n  <h2>Customize Your Lighter<\/h2>\n\n  <div class=\"color-buttons\">\n    <button onclick=\"LighterDesigner.changeLighterImage('beyaz', this)\" data-color=\"beyaz\">White<\/button>\n    <button onclick=\"LighterDesigner.changeLighterImage('krem', this)\" data-color=\"krem\">Cream<\/button>\n    <button onclick=\"LighterDesigner.changeLighterImage('siyah', this)\" data-color=\"siyah\">Black<\/button>\n  <\/div>\n\n  <div class=\"mockup-container\">\n    <img decoding=\"async\" src=\"https:\/\/x-lite.com.tr\/wp-content\/uploads\/2025\/06\/white.png\" class=\"mockup-base\" id=\"mockupBase\">\n    <div class=\"overlay\" id=\"overlay\">\n      <img decoding=\"async\" id=\"uploadedImg\" src=\"\" \/>\n    <\/div>\n  <\/div>\n\n  <div class=\"upload-section\">\n    <input type=\"file\" id=\"designImageUpload\" accept=\"image\/*\" style=\"display: none;\">\n    <label for=\"designImageUpload\" class=\"custom-file-upload\">\n      <span class=\"upload-button\">Upload Your Design<\/span>\n    <\/label>\n    <div id=\"upload-progress\" style=\"display: none;\">\n      <div class=\"progress-bar\">\n        <div class=\"progress-fill\"><\/div>\n      <\/div>\n      <span>Y\u00fckleniyor...<\/span>\n    <\/div>\n  <\/div>\n\n  <div class=\"rotate-controls\">\n    <button onclick=\"LighterDesigner.rotateBy(-45)\">\u21ba 45\u00b0<\/button>\n    <button onclick=\"LighterDesigner.rotateBy(45)\">\u21bb 45\u00b0<\/button>\n  <\/div>\n\n  <label>Size <input type=\"range\" min=\"0.5\" max=\"8\" step=\"0.1\" value=\"1\" onchange=\"LighterDesigner.scaleImage(this.value)\" id=\"sizeSlider\"><\/label>\n\n  <hr>\n\n  <div class=\"submission-form\">\n    <h4>Order Details<\/h4>\n    <label>\n      <input type=\"checkbox\" id=\"designConfirmation\" onchange=\"LighterDesigner.validateForm()\">\n      I consent to receive newsletters via email. (Required)\n    <\/label>\n  \n    <input type=\"email\" id=\"userEmail\" placeholder=\"E-mail address\" oninput=\"LighterDesigner.validateForm()\">\n    <input type=\"number\" id=\"orderAmount\" value=\"1000\" min=\"1000\" step=\"100\" oninput=\"LighterDesigner.validateQuantity(this)\">\n    \n    <div id=\"sendOptions\" style=\"display: none;\">\n      <a id=\"sendWhatsappButton\" href=\"#\" target=\"_blank\" onclick=\"return LighterDesigner.sendViaWhatsApp('905300292058')\">Send via WhatsApp<\/a>\n    <\/div>\n  <\/div>\n\n  <!-- Loading overlay -->\n  <div id=\"loading-overlay\" style=\"display: none;\">\n    <div class=\"loading-spinner\"><\/div>\n    <p>\u0130\u015fleniyor...<\/p>\n  <\/div>\n<\/div>\n\n<script>\n\/\/ Pass PHP variables to JavaScript\nwindow.lighterDesignerData = {\n    whatsappNumber: '905300292058',\n    email: 'studiomuz@gmail.com',\n    pluginUrl: 'https:\/\/x-lite.com.tr\/wp-content\/plugins\/lighter-designer-plugin\/',\n    imageUrls: {\n        beyaz: 'https:\/\/x-lite.com.tr\/wp-content\/uploads\/2025\/06\/white.png',\n        krem: 'https:\/\/x-lite.com.tr\/wp-content\/uploads\/2025\/06\/krem-promosyon-cakmak.png',\n        siyah: 'https:\/\/x-lite.com.tr\/wp-content\/uploads\/2025\/06\/siyah-promosyon-cakmak.png'\n    }\n};\n<\/script>","protected":false},"excerpt":{"rendered":"","protected":false},"author":2,"featured_media":0,"parent":0,"menu_order":0,"comment_status":"closed","ping_status":"closed","template":"","meta":{"_monsterinsights_skip_tracking":false,"_monsterinsights_sitenote_active":false,"_monsterinsights_sitenote_note":"","_monsterinsights_sitenote_category":0,"footnotes":""},"class_list":["post-2979","page","type-page","status-publish","hentry"],"yoast_head":"<!-- This site is optimized with the Yoast SEO plugin v25.8 - https:\/\/yoast.com\/wordpress\/plugins\/seo\/ -->\n<title>Promosyon \u00c7akmak Tasarla - X-Lite \u00c7akmak<\/title>\n<meta name=\"robots\" content=\"index, follow, max-snippet:-1, max-image-preview:large, max-video-preview:-1\" \/>\n<link rel=\"canonical\" href=\"https:\/\/x-lite.com.tr\/en\/tasarla\/\" \/>\n<meta property=\"og:locale\" content=\"en_GB\" \/>\n<meta property=\"og:type\" content=\"article\" \/>\n<meta property=\"og:title\" content=\"Promosyon \u00c7akmak Tasarla - X-Lite \u00c7akmak\" \/>\n<meta property=\"og:url\" content=\"https:\/\/x-lite.com.tr\/en\/tasarla\/\" \/>\n<meta property=\"og:site_name\" content=\"X-Lite \u00c7akmak\" \/>\n<meta property=\"article:modified_time\" content=\"2025-10-01T17:25:17+00:00\" \/>\n<meta name=\"twitter:card\" content=\"summary_large_image\" \/>\n<meta name=\"twitter:label1\" content=\"Estimated reading time\" \/>\n\t<meta name=\"twitter:data1\" content=\"1 minute\" \/>\n<script type=\"application\/ld+json\" class=\"yoast-schema-graph\">{\"@context\":\"https:\/\/schema.org\",\"@graph\":[{\"@type\":\"WebPage\",\"@id\":\"https:\/\/x-lite.com.tr\/tasarla\/\",\"url\":\"https:\/\/x-lite.com.tr\/tasarla\/\",\"name\":\"Promosyon \u00c7akmak Tasarla - X-Lite \u00c7akmak\",\"isPartOf\":{\"@id\":\"https:\/\/x-lite.com.tr\/#website\"},\"datePublished\":\"2025-10-01T17:25:01+00:00\",\"dateModified\":\"2025-10-01T17:25:17+00:00\",\"breadcrumb\":{\"@id\":\"https:\/\/x-lite.com.tr\/tasarla\/#breadcrumb\"},\"inLanguage\":\"en-GB\",\"potentialAction\":[{\"@type\":\"ReadAction\",\"target\":[\"https:\/\/x-lite.com.tr\/tasarla\/\"]}]},{\"@type\":\"BreadcrumbList\",\"@id\":\"https:\/\/x-lite.com.tr\/tasarla\/#breadcrumb\",\"itemListElement\":[{\"@type\":\"ListItem\",\"position\":1,\"name\":\"Anasayfa\",\"item\":\"https:\/\/x-lite.com.tr\/\"},{\"@type\":\"ListItem\",\"position\":2,\"name\":\"Promosyon \u00c7akmak Tasarla\"}]},{\"@type\":\"WebSite\",\"@id\":\"https:\/\/x-lite.com.tr\/#website\",\"url\":\"https:\/\/x-lite.com.tr\/\",\"name\":\"X-Lite \u00c7akmak\",\"description\":\"T\u00fcrkiye&#039;nin En G\u00fcvenilir \u00c7akmak \u00dcreticisi\",\"publisher\":{\"@id\":\"https:\/\/x-lite.com.tr\/#organization\"},\"potentialAction\":[{\"@type\":\"SearchAction\",\"target\":{\"@type\":\"EntryPoint\",\"urlTemplate\":\"https:\/\/x-lite.com.tr\/?s={search_term_string}\"},\"query-input\":{\"@type\":\"PropertyValueSpecification\",\"valueRequired\":true,\"valueName\":\"search_term_string\"}}],\"inLanguage\":\"en-GB\"},{\"@type\":\"Organization\",\"@id\":\"https:\/\/x-lite.com.tr\/#organization\",\"name\":\"X-Lite Lighters\",\"url\":\"https:\/\/x-lite.com.tr\/\",\"logo\":{\"@type\":\"ImageObject\",\"inLanguage\":\"en-GB\",\"@id\":\"https:\/\/x-lite.com.tr\/#\/schema\/logo\/image\/\",\"url\":\"https:\/\/x-lite.com.tr\/wp-content\/uploads\/2021\/09\/x-lite-logo.png\",\"contentUrl\":\"https:\/\/x-lite.com.tr\/wp-content\/uploads\/2021\/09\/x-lite-logo.png\",\"width\":383,\"height\":216,\"caption\":\"X-Lite Lighters\"},\"image\":{\"@id\":\"https:\/\/x-lite.com.tr\/#\/schema\/logo\/image\/\"},\"sameAs\":[\"https:\/\/www.instagram.com\/_x.lite_\/\"]}]}<\/script>\n<!-- \/ Yoast SEO plugin. -->","yoast_head_json":{"title":"Promosyon \u00c7akmak Tasarla - X-Lite \u00c7akmak","robots":{"index":"index","follow":"follow","max-snippet":"max-snippet:-1","max-image-preview":"max-image-preview:large","max-video-preview":"max-video-preview:-1"},"canonical":"https:\/\/x-lite.com.tr\/en\/tasarla\/","og_locale":"en_GB","og_type":"article","og_title":"Promosyon \u00c7akmak Tasarla - X-Lite \u00c7akmak","og_url":"https:\/\/x-lite.com.tr\/en\/tasarla\/","og_site_name":"X-Lite \u00c7akmak","article_modified_time":"2025-10-01T17:25:17+00:00","twitter_card":"summary_large_image","twitter_misc":{"Estimated reading time":"1 minute"},"schema":{"@context":"https:\/\/schema.org","@graph":[{"@type":"WebPage","@id":"https:\/\/x-lite.com.tr\/tasarla\/","url":"https:\/\/x-lite.com.tr\/tasarla\/","name":"Promosyon \u00c7akmak Tasarla - X-Lite \u00c7akmak","isPartOf":{"@id":"https:\/\/x-lite.com.tr\/#website"},"datePublished":"2025-10-01T17:25:01+00:00","dateModified":"2025-10-01T17:25:17+00:00","breadcrumb":{"@id":"https:\/\/x-lite.com.tr\/tasarla\/#breadcrumb"},"inLanguage":"en-GB","potentialAction":[{"@type":"ReadAction","target":["https:\/\/x-lite.com.tr\/tasarla\/"]}]},{"@type":"BreadcrumbList","@id":"https:\/\/x-lite.com.tr\/tasarla\/#breadcrumb","itemListElement":[{"@type":"ListItem","position":1,"name":"Anasayfa","item":"https:\/\/x-lite.com.tr\/"},{"@type":"ListItem","position":2,"name":"Promosyon \u00c7akmak Tasarla"}]},{"@type":"WebSite","@id":"https:\/\/x-lite.com.tr\/#website","url":"https:\/\/x-lite.com.tr\/","name":"X-Lite \u00c7akmak","description":"T\u00fcrkiye&#039;nin En G\u00fcvenilir \u00c7akmak \u00dcreticisi","publisher":{"@id":"https:\/\/x-lite.com.tr\/#organization"},"potentialAction":[{"@type":"SearchAction","target":{"@type":"EntryPoint","urlTemplate":"https:\/\/x-lite.com.tr\/?s={search_term_string}"},"query-input":{"@type":"PropertyValueSpecification","valueRequired":true,"valueName":"search_term_string"}}],"inLanguage":"en-GB"},{"@type":"Organization","@id":"https:\/\/x-lite.com.tr\/#organization","name":"X-Lite Lighters","url":"https:\/\/x-lite.com.tr\/","logo":{"@type":"ImageObject","inLanguage":"en-GB","@id":"https:\/\/x-lite.com.tr\/#\/schema\/logo\/image\/","url":"https:\/\/x-lite.com.tr\/wp-content\/uploads\/2021\/09\/x-lite-logo.png","contentUrl":"https:\/\/x-lite.com.tr\/wp-content\/uploads\/2021\/09\/x-lite-logo.png","width":383,"height":216,"caption":"X-Lite Lighters"},"image":{"@id":"https:\/\/x-lite.com.tr\/#\/schema\/logo\/image\/"},"sameAs":["https:\/\/www.instagram.com\/_x.lite_\/"]}]}},"_links":{"self":[{"href":"https:\/\/x-lite.com.tr\/en\/wp-json\/wp\/v2\/pages\/2979","targetHints":{"allow":["GET"]}}],"collection":[{"href":"https:\/\/x-lite.com.tr\/en\/wp-json\/wp\/v2\/pages"}],"about":[{"href":"https:\/\/x-lite.com.tr\/en\/wp-json\/wp\/v2\/types\/page"}],"author":[{"embeddable":true,"href":"https:\/\/x-lite.com.tr\/en\/wp-json\/wp\/v2\/users\/2"}],"replies":[{"embeddable":true,"href":"https:\/\/x-lite.com.tr\/en\/wp-json\/wp\/v2\/comments?post=2979"}],"version-history":[{"count":1,"href":"https:\/\/x-lite.com.tr\/en\/wp-json\/wp\/v2\/pages\/2979\/revisions"}],"predecessor-version":[{"id":2980,"href":"https:\/\/x-lite.com.tr\/en\/wp-json\/wp\/v2\/pages\/2979\/revisions\/2980"}],"wp:attachment":[{"href":"https:\/\/x-lite.com.tr\/en\/wp-json\/wp\/v2\/media?parent=2979"}],"curies":[{"name":"wp","href":"https:\/\/api.w.org\/{rel}","templated":true}]}}